{"id":1054,"date":"2017-06-12T13:06:28","date_gmt":"2017-06-12T11:06:28","guid":{"rendered":"https:\/\/cancargolbarcelona.com\/dev\/politica-de-privacidad\/"},"modified":"2023-01-17T10:01:44","modified_gmt":"2023-01-17T09:01:44","slug":"politica-de-privacidad","status":"publish","type":"page","link":"https:\/\/cancargolbarcelona.com\/fr\/politica-de-privacidad\/","title":{"rendered":"Pol\u00edtica de privacidad"},"content":{"rendered":"<div  class=\"one withsmallpadding ppb_text\" style=\"padding:30px 0 30px 0;\" >\n<div class=\"standard_wrapper\">\n<div class=\"page_content_wrapper\">\n<div class=\"inner\">\n<div style=\"margin:auto;width:100%\">\n<p>MIFALIA SL, como responsable del presente Sitio Web y de conformidad con lo dispuesto por la Ley Org\u00e1nica 15\/1999, de 13 de diciembre, de Protecci\u00f3n de Datos de Car\u00e1cter Personal (LOPD) y por la Ley 34\/2002, de 11 de julio, de Servicios de la Sociedad de la Informaci\u00f3n y de Comercio Electr\u00f3nico (LSSICE), ha puesto en pr\u00e1ctica aquellas pol\u00edticas, medios y procedimientos t\u00e9cnicos y organizativos para garantizar y proteger la confidencialidad, integridad y disponibilidad de los datos de car\u00e1cter personal de sus usuarios. Estos datos ser\u00e1n tratados en un\/os fichero\/s debidamente inscrito\/s en la Agencia Espa\u00f1ola de Protecci\u00f3n de Datos, de conformidad con lo establecido en la legislaci\u00f3n vigente.<\/p>\n<p>En el caso de que los datos a facilitar por el Usuario fueran necesarios para que el equipo de MIFALIA SL\u00a0pudiera i) responder a las consultas, proporcionar informaciones requeridas por el Usuario; ii) realizar toda aquella prestaci\u00f3n de servicios y\/o productos contratados o suscritos por el Usuario; iii) proporcionar acceso al Usuario a determinadas funcionalidades del Sitio Web; o bien iv) realizar todas aquellas actividades propias de MIFALIA SL\u00a0por la presente rese\u00f1adas, MIFALIA SL\u00a0informar\u00e1 de dicha obligatoriedad al Usuario, indic\u00e1ndole qu\u00e9 datos son de necesaria cumplimentaci\u00f3n. Mediante la indicaci\u00f3n, facilitaci\u00f3n o introducci\u00f3n de dichos datos y de conformidad con lo establecido en el art\u00edculo 6 de la L.O.P.D., el Usuario otorga consentimiento inequ\u00edvoco a MIFALIA SL\u00a0para que proceda al tratamiento de los datos facilitados en pro de los fines mencionados anteriormente as\u00ed como para el eventual env\u00edo de comunicaciones comerciales de MIFALIA SL\u00a0que puedan ser del inter\u00e9s del usuario.<\/p>\n<p>La entidad responsable de la base de datos, as\u00ed como los que intervengan en cualquier fase del tratamiento y\/o las entidades a quienes les hayan sido comunicadas -en su caso y en virtud de la correspondiente autorizaci\u00f3n conferida por el Usuario-, est\u00e1n obligadas a observar el secreto profesional y a adoptar los niveles de protecci\u00f3n y las medidas t\u00e9cnicas y organizativas necesarias a su alcance que garanticen la seguridad de los datos de car\u00e1cter personal, evitando, en la medida de lo posible, accesos no autorizados, modificaciones il\u00edcitas, sustracciones y\/o la p\u00e9rdida de los datos, a fin de procurar el correspondiente nivel de seguridad a los ficheros de MIFALIA SL, seg\u00fan la naturaleza y sensibilidad de los datos facilitados por los usuarios del presente Sitio Web. Asimismo, MIFALIA SL\u00a0se compromete a tener implementadas las medidas de seguridad que correspondan en virtud de lo establecido en el Reglamento de Medidas de (R.D. 1720\/2007).<\/p>\n<p>Los usuarios tienen reconocida por la indicada Ley Org\u00e1nica de Protecci\u00f3n de Datos los derechos de acceso, rectificaci\u00f3n, cancelaci\u00f3n y oposici\u00f3n y, en su caso, el derecho a revocar en cualquier momento el consentimiento prestado a la recepci\u00f3n de comunicaciones comerciales mediante el env\u00edo de correo electr\u00f3nico a 324cancargol@gmail.com\u00a0o carta a\u00a0c\/ Valencia, 324 (08009 Barcelona).<\/p>\n<\/div>\n<\/div>\n<\/div>\n<\/div>\n<\/div>\n","protected":false},"excerpt":{"rendered":"<p>MIFALIA SL, como responsable del presente Sitio Web y de conformidad con lo dispuesto por la Ley Org\u00e1nica 15\/1999, de 13 de diciembre, de Protecci\u00f3n de Datos de Car\u00e1cter Personal (LOPD) y por la Ley 34\/2002, de 11 de julio, [&hellip;]<\/p>\n","protected":false},"author":1,"featured_media":0,"parent":0,"menu_order":0,"comment_status":"closed","ping_status":"closed","template":"","meta":[],"yoast_head":"<!-- This site is optimized with the Yoast SEO plugin v19.14 - https:\/\/yoast.com\/wordpress\/plugins\/seo\/ -->\n<title>Pol\u00edtica de privacidad - DEV - Can Cargol Barcelona<\/title>\n<meta name=\"robots\" content=\"noindex, nofollow\" \/>\n<meta property=\"og:locale\" content=\"fr_FR\" \/>\n<meta property=\"og:type\" content=\"article\" \/>\n<meta property=\"og:title\" content=\"Pol\u00edtica de privacidad - DEV - Can Cargol Barcelona\" \/>\n<meta property=\"og:description\" content=\"MIFALIA SL, como responsable del presente Sitio Web y de conformidad con lo dispuesto por la Ley Org\u00e1nica 15\/1999, de 13 de diciembre, de Protecci\u00f3n de Datos de Car\u00e1cter Personal (LOPD) y por la Ley 34\/2002, de 11 de julio, [&hellip;]\" \/>\n<meta property=\"og:url\" content=\"https:\/\/cancargolbarcelona.com\/fr\/politica-de-privacidad\/\" \/>\n<meta property=\"og:site_name\" content=\"DEV - Can Cargol Barcelona\" \/>\n<meta property=\"article:modified_time\" content=\"2023-01-17T09:01:44+00:00\" \/>\n<meta name=\"twitter:card\" content=\"summary_large_image\" \/>\n<meta name=\"twitter:label1\" content=\"Dur\u00e9e de lecture estim\u00e9e\" \/>\n\t<meta name=\"twitter:data1\" content=\"3 minutes\" \/>\n<script type=\"application\/ld+json\" class=\"yoast-schema-graph\">{\"@context\":\"https:\/\/schema.org\",\"@graph\":[{\"@type\":\"WebPage\",\"@id\":\"https:\/\/cancargolbarcelona.com\/fr\/politica-de-privacidad\/\",\"url\":\"https:\/\/cancargolbarcelona.com\/fr\/politica-de-privacidad\/\",\"name\":\"Pol\u00edtica de privacidad - DEV - Can Cargol Barcelona\",\"isPartOf\":{\"@id\":\"https:\/\/cancargolbarcelona.com\/#website\"},\"datePublished\":\"2017-06-12T11:06:28+00:00\",\"dateModified\":\"2023-01-17T09:01:44+00:00\",\"breadcrumb\":{\"@id\":\"https:\/\/cancargolbarcelona.com\/fr\/politica-de-privacidad\/#breadcrumb\"},\"inLanguage\":\"fr-FR\",\"potentialAction\":[{\"@type\":\"ReadAction\",\"target\":[\"https:\/\/cancargolbarcelona.com\/fr\/politica-de-privacidad\/\"]}]},{\"@type\":\"BreadcrumbList\",\"@id\":\"https:\/\/cancargolbarcelona.com\/fr\/politica-de-privacidad\/#breadcrumb\",\"itemListElement\":[{\"@type\":\"ListItem\",\"position\":1,\"name\":\"Portada\",\"item\":\"https:\/\/cancargolbarcelona.com\/fr\/\"},{\"@type\":\"ListItem\",\"position\":2,\"name\":\"Pol\u00edtica de privacidad\"}]},{\"@type\":\"WebSite\",\"@id\":\"https:\/\/cancargolbarcelona.com\/#website\",\"url\":\"https:\/\/cancargolbarcelona.com\/\",\"name\":\"DEV - Can Cargol Barcelona\",\"description\":\"DEV - Can Cargol Barcelona\",\"potentialAction\":[{\"@type\":\"SearchAction\",\"target\":{\"@type\":\"EntryPoint\",\"urlTemplate\":\"https:\/\/cancargolbarcelona.com\/?s={search_term_string}\"},\"query-input\":\"required name=search_term_string\"}],\"inLanguage\":\"fr-FR\"}]}<\/script>\n<!-- \/ Yoast SEO plugin. -->","yoast_head_json":{"title":"Pol\u00edtica de privacidad - DEV - Can Cargol Barcelona","robots":{"index":"noindex","follow":"nofollow"},"og_locale":"fr_FR","og_type":"article","og_title":"Pol\u00edtica de privacidad - DEV - Can Cargol Barcelona","og_description":"MIFALIA SL, como responsable del presente Sitio Web y de conformidad con lo dispuesto por la Ley Org\u00e1nica 15\/1999, de 13 de diciembre, de Protecci\u00f3n de Datos de Car\u00e1cter Personal (LOPD) y por la Ley 34\/2002, de 11 de julio, [&hellip;]","og_url":"https:\/\/cancargolbarcelona.com\/fr\/politica-de-privacidad\/","og_site_name":"DEV - Can Cargol Barcelona","article_modified_time":"2023-01-17T09:01:44+00:00","twitter_card":"summary_large_image","twitter_misc":{"Dur\u00e9e de lecture estim\u00e9e":"3 minutes"},"schema":{"@context":"https:\/\/schema.org","@graph":[{"@type":"WebPage","@id":"https:\/\/cancargolbarcelona.com\/fr\/politica-de-privacidad\/","url":"https:\/\/cancargolbarcelona.com\/fr\/politica-de-privacidad\/","name":"Pol\u00edtica de privacidad - DEV - Can Cargol Barcelona","isPartOf":{"@id":"https:\/\/cancargolbarcelona.com\/#website"},"datePublished":"2017-06-12T11:06:28+00:00","dateModified":"2023-01-17T09:01:44+00:00","breadcrumb":{"@id":"https:\/\/cancargolbarcelona.com\/fr\/politica-de-privacidad\/#breadcrumb"},"inLanguage":"fr-FR","potentialAction":[{"@type":"ReadAction","target":["https:\/\/cancargolbarcelona.com\/fr\/politica-de-privacidad\/"]}]},{"@type":"BreadcrumbList","@id":"https:\/\/cancargolbarcelona.com\/fr\/politica-de-privacidad\/#breadcrumb","itemListElement":[{"@type":"ListItem","position":1,"name":"Portada","item":"https:\/\/cancargolbarcelona.com\/fr\/"},{"@type":"ListItem","position":2,"name":"Pol\u00edtica de privacidad"}]},{"@type":"WebSite","@id":"https:\/\/cancargolbarcelona.com\/#website","url":"https:\/\/cancargolbarcelona.com\/","name":"DEV - Can Cargol Barcelona","description":"DEV - Can Cargol Barcelona","potentialAction":[{"@type":"SearchAction","target":{"@type":"EntryPoint","urlTemplate":"https:\/\/cancargolbarcelona.com\/?s={search_term_string}"},"query-input":"required name=search_term_string"}],"inLanguage":"fr-FR"}]}},"_links":{"self":[{"href":"https:\/\/cancargolbarcelona.com\/fr\/wp-json\/wp\/v2\/pages\/1054"}],"collection":[{"href":"https:\/\/cancargolbarcelona.com\/fr\/wp-json\/wp\/v2\/pages"}],"about":[{"href":"https:\/\/cancargolbarcelona.com\/fr\/wp-json\/wp\/v2\/types\/page"}],"author":[{"embeddable":true,"href":"https:\/\/cancargolbarcelona.com\/fr\/wp-json\/wp\/v2\/users\/1"}],"replies":[{"embeddable":true,"href":"https:\/\/cancargolbarcelona.com\/fr\/wp-json\/wp\/v2\/comments?post=1054"}],"version-history":[{"count":1,"href":"https:\/\/cancargolbarcelona.com\/fr\/wp-json\/wp\/v2\/pages\/1054\/revisions"}],"predecessor-version":[{"id":1055,"href":"https:\/\/cancargolbarcelona.com\/fr\/wp-json\/wp\/v2\/pages\/1054\/revisions\/1055"}],"wp:attachment":[{"href":"https:\/\/cancargolbarcelona.com\/fr\/wp-json\/wp\/v2\/media?parent=1054"}],"curies":[{"name":"wp","href":"https:\/\/api.w.org\/{rel}","templated":true}]}}