{"id":544,"date":"2017-06-06T15:50:17","date_gmt":"2017-06-06T13:50:17","guid":{"rendered":"https:\/\/cancargolbarcelona.com\/?page_id=544\/"},"modified":"2018-04-17T18:12:02","modified_gmt":"2018-04-17T16:12:02","slug":"reserva-de-mesa","status":"publish","type":"page","link":"https:\/\/cancargolbarcelona.com\/es\/reserva-de-mesa\/","title":{"rendered":"Reserva de mesa"},"content":{"rendered":"<div  class=\"one withsmallpadding ppb_text\" style=\"padding:30px 0 30px 0;\" >\n<div class=\"standard_wrapper\">\n<div class=\"page_content_wrapper\">\n<div class=\"inner\">\n<div style=\"margin:auto;width:100%\">\n<p style=\"text-align: center;\">\n<div role=\"form\" class=\"wpcf7\" id=\"wpcf7-f621-o1\" lang=\"es-ES\" dir=\"ltr\">\n<div class=\"screen-reader-response\"><\/div>\n<form action=\"\/wp-admin\/post.php#wpcf7-f621-o1\" method=\"post\" class=\"wpcf7-form\" novalidate=\"novalidate\">\n<div style=\"display: none;\">\n<input type=\"hidden\" name=\"_wpcf7\" value=\"621\" \/><br \/>\n<input type=\"hidden\" name=\"_wpcf7_version\" value=\"5.0\" \/><br \/>\n<input type=\"hidden\" name=\"_wpcf7_locale\" value=\"es_ES\" \/><br \/>\n<input type=\"hidden\" name=\"_wpcf7_unit_tag\" value=\"wpcf7-f621-o1\" \/><br \/>\n<input type=\"hidden\" name=\"_wpcf7_container_post\" value=\"0\" \/>\n<\/div>\n<div class=\"booking-field\">\n<label><i class=\"fa fa-user\" aria-hidden=\"true\"><\/i><\/label> <span class=\"wpcf7-form-control-wrap nombre\"><input type=\"text\" name=\"nombre\" value=\"\" size=\"40\" class=\"wpcf7-form-control wpcf7-text wpcf7-validates-as-required\" aria-required=\"true\" aria-invalid=\"false\" placeholder=\"Nombre\" \/><\/span>\n<\/div>\n<div class=\"booking-field\">\n<label><i class=\"fa fa-envelope-o\" aria-hidden=\"true\"><\/i><\/label> <span class=\"wpcf7-form-control-wrap email\"><input type=\"email\" name=\"email\" value=\"\" size=\"40\" class=\"wpcf7-form-control wpcf7-text wpcf7-email wpcf7-validates-as-required wpcf7-validates-as-email\" aria-required=\"true\" aria-invalid=\"false\" placeholder=\"Email\" \/><\/span>\n<\/div>\n<div class=\"booking-field\">\n<label><i class=\"fa fa-phone\" aria-hidden=\"true\"><\/i><\/label> <span class=\"wpcf7-form-control-wrap telefono\"><input type=\"tel\" name=\"telefono\" value=\"\" size=\"40\" class=\"wpcf7-form-control wpcf7-text wpcf7-tel wpcf7-validates-as-required wpcf7-validates-as-tel\" aria-required=\"true\" aria-invalid=\"false\" placeholder=\"Tel\u00e9fono\" \/><\/span>\n<\/div>\n<div style=\"clear: both;\"><\/div>\n<div class=\"booking-field booking-data\">\n<label><i class=\"fa fa-calendar\" aria-hidden=\"true\"><\/i><\/label> <span class=\"wpcf7-form-control-wrap fecha\"><input type=\"date\" name=\"fecha\" value=\"\" class=\"wpcf7-form-control wpcf7-date wpcf7-validates-as-required wpcf7-validates-as-date\" id=\"fecha\" aria-required=\"true\" aria-invalid=\"false\" placeholder=\"Fecha\" \/><\/span>\n<\/div>\n<div class=\"booking-field booking-data\">\n<label><i class=\"fa fa-clock-o\" aria-hidden=\"true\"><\/i><\/label> <span class=\"wpcf7-form-control-wrap hora\"><select name=\"hora\" class=\"wpcf7-form-control wpcf7-select wpcf7-validates-as-required\" id=\"hora\" aria-required=\"true\" aria-invalid=\"false\"><option value=\"13:00\">13:00<\/option><option value=\"13:30\">13:30<\/option><option value=\"14:00\">14:00<\/option><option value=\"15:00\">15:00<\/option><option value=\"15:30\">15:30<\/option><option value=\"20:00\">20:00<\/option><option value=\"20:30\">20:30<\/option><option value=\"21:00\">21:00<\/option><option value=\"21:30\">21:30<\/option><option value=\"22:00\">22:00<\/option><option value=\"22:30\">22:30<\/option><option value=\"23:00\">23:00<\/option><option value=\"23:30\">23:30<\/option><\/select><\/span>\n<\/div>\n<div class=\"booking-field booking-data\">\n<label><i class=\"fa fa-users\" aria-hidden=\"true\"><\/i><\/label> <span class=\"wpcf7-form-control-wrap personas\"><select name=\"personas\" class=\"wpcf7-form-control wpcf7-select wpcf7-validates-as-required\" aria-required=\"true\" aria-invalid=\"false\"><option value=\"1 persona\">1 persona<\/option><option value=\"2 personas\">2 personas<\/option><option value=\"3 personas\">3 personas<\/option><option value=\"4 personas\">4 personas<\/option><option value=\"5 personas\">5 personas<\/option><option value=\"6 personas\">6 personas<\/option><option value=\"7 personas\">7 personas<\/option><option value=\"8 personas\">8 personas<\/option><option value=\"9 personas\">9 personas<\/option><option value=\"10 personas\">10 personas<\/option><option value=\"+10 - Indicar en comentarios\">+10 &#8211; Indicar en comentarios<\/option><\/select><\/span>\n<\/div>\n<div style=\"clear: both;\"><\/div>\n<div class=\"booking-field booking-comments\">\n<label><i class=\"fa fa-comment-o\" aria-hidden=\"true\"><\/i><\/label><span class=\"wpcf7-form-control-wrap comentarios\"><textarea name=\"comentarios\" cols=\"40\" rows=\"10\" class=\"wpcf7-form-control wpcf7-textarea\" aria-invalid=\"false\" placeholder=\"Comentarios\"><\/textarea><\/span>\n<\/div>\n<div class=\"acceptance\">\n<span class=\"wpcf7-form-control-wrap acepto\"><span class=\"wpcf7-form-control wpcf7-acceptance\"><span class=\"wpcf7-list-item\"><input type=\"checkbox\" name=\"acepto\" value=\"1\" aria-invalid=\"false\" \/><\/span><\/span><\/span> He le\u00eddo y acepto la <a href=\"\/politica-de-privacidad\/\" target=\"_blank\">Pol\u00edtica de privacidad<\/a>\n<\/div>\n<div>\n<input type=\"submit\" value=\"Solicitar reserva\" class=\"wpcf7-form-control wpcf7-submit\" \/>\n<\/div>\n<div class=\"wpcf7-response-output wpcf7-display-none\"><\/div>\n<\/form>\n<\/div>\n<\/div>\n<\/div>\n<\/div>\n<\/div>\n<\/div>\n<div  class=\"one withsmallpadding ppb_text\" style=\"padding:30px 0 30px 0;\" >\n<div class=\"standard_wrapper\">\n<div class=\"page_content_wrapper\">\n<div class=\"inner\">\n<div style=\"margin:auto;width:100%\">\n<p style=\"text-align: center;\">O, si lo prefiere, ll\u00e1menos al tel\u00e9fono <a href=\"tel:+34 93 458 96 31\">+34 93 458 96 31<\/a> o escr\u00edbanos al correo <a href=\"mailto:javifr@berozpi.com\">javifr@berozpi.com<\/a><a>.<\/a><\/p>\n<\/div>\n<\/div>\n<\/div>\n<\/div>\n<\/div>\n","protected":false},"excerpt":{"rendered":"<p>13:0013:3014:0015:0015:3020:0020:3021:0021:3022:0022:3023:0023:30 1 persona2 personas3 personas4 personas5 personas6 personas7 personas8 personas9 personas10 personas+10 &#8211; Indicar en comentarios He le\u00eddo y acepto la Pol\u00edtica de privacidad O, si lo prefiere, ll\u00e1menos al tel\u00e9fono +34 93 458 96 31 o escr\u00edbanos al correo [&hellip;]<\/p>\n","protected":false},"author":1,"featured_media":0,"parent":0,"menu_order":0,"comment_status":"closed","ping_status":"closed","template":"","meta":[],"yoast_head":"<!-- This site is optimized with the Yoast SEO plugin v19.14 - https:\/\/yoast.com\/wordpress\/plugins\/seo\/ -->\n<title>Can Cargol - Barcelona - Reserva de mesa<\/title>\n<meta name=\"description\" content=\"Haz una reserva para disfrutar de la mejor comida tradicional catalana y mediterr\u00e1nea de Barcelona y de nuestras especialidades en caracoles y carnes.\" \/>\n<meta name=\"robots\" content=\"index, follow, max-snippet:-1, max-image-preview:large, max-video-preview:-1\" \/>\n<link rel=\"canonical\" href=\"https:\/\/cancargolbarcelona.com\/es\/reserva-de-mesa\/\" \/>\n<meta property=\"og:locale\" content=\"es_ES\" \/>\n<meta property=\"og:type\" content=\"article\" \/>\n<meta property=\"og:title\" content=\"Can Cargol - Barcelona - Reserva de mesa\" \/>\n<meta property=\"og:description\" content=\"Haz una reserva para disfrutar de la mejor comida tradicional catalana y mediterr\u00e1nea de Barcelona y de nuestras especialidades en caracoles y carnes.\" \/>\n<meta property=\"og:url\" content=\"https:\/\/cancargolbarcelona.com\/es\/reserva-de-mesa\/\" \/>\n<meta property=\"og:site_name\" content=\"DEV - Can Cargol Barcelona\" \/>\n<meta property=\"article:modified_time\" content=\"2018-04-17T16:12:02+00:00\" \/>\n<meta name=\"twitter:card\" content=\"summary_large_image\" \/>\n<script type=\"application\/ld+json\" class=\"yoast-schema-graph\">{\"@context\":\"https:\/\/schema.org\",\"@graph\":[{\"@type\":\"WebPage\",\"@id\":\"https:\/\/cancargolbarcelona.com\/es\/reserva-de-mesa\/\",\"url\":\"https:\/\/cancargolbarcelona.com\/es\/reserva-de-mesa\/\",\"name\":\"Can Cargol - Barcelona - Reserva de mesa\",\"isPartOf\":{\"@id\":\"https:\/\/cancargolbarcelona.com\/#website\"},\"datePublished\":\"2017-06-06T13:50:17+00:00\",\"dateModified\":\"2018-04-17T16:12:02+00:00\",\"description\":\"Haz una reserva para disfrutar de la mejor comida tradicional catalana y mediterr\u00e1nea de Barcelona y de nuestras especialidades en caracoles y carnes.\",\"breadcrumb\":{\"@id\":\"https:\/\/cancargolbarcelona.com\/es\/reserva-de-mesa\/#breadcrumb\"},\"inLanguage\":\"es\",\"potentialAction\":[{\"@type\":\"ReadAction\",\"target\":[\"https:\/\/cancargolbarcelona.com\/es\/reserva-de-mesa\/\"]}]},{\"@type\":\"BreadcrumbList\",\"@id\":\"https:\/\/cancargolbarcelona.com\/es\/reserva-de-mesa\/#breadcrumb\",\"itemListElement\":[{\"@type\":\"ListItem\",\"position\":1,\"name\":\"Portada\",\"item\":\"https:\/\/cancargolbarcelona.com\/es\/\"},{\"@type\":\"ListItem\",\"position\":2,\"name\":\"Reserva de mesa\"}]},{\"@type\":\"WebSite\",\"@id\":\"https:\/\/cancargolbarcelona.com\/#website\",\"url\":\"https:\/\/cancargolbarcelona.com\/\",\"name\":\"DEV - Can Cargol Barcelona\",\"description\":\"DEV - Can Cargol Barcelona\",\"potentialAction\":[{\"@type\":\"SearchAction\",\"target\":{\"@type\":\"EntryPoint\",\"urlTemplate\":\"https:\/\/cancargolbarcelona.com\/?s={search_term_string}\"},\"query-input\":\"required name=search_term_string\"}],\"inLanguage\":\"es\"}]}<\/script>\n<!-- \/ Yoast SEO plugin. -->","yoast_head_json":{"title":"Can Cargol - Barcelona - Reserva de mesa","description":"Haz una reserva para disfrutar de la mejor comida tradicional catalana y mediterr\u00e1nea de Barcelona y de nuestras especialidades en caracoles y carnes.","robots":{"index":"index","follow":"follow","max-snippet":"max-snippet:-1","max-image-preview":"max-image-preview:large","max-video-preview":"max-video-preview:-1"},"canonical":"https:\/\/cancargolbarcelona.com\/es\/reserva-de-mesa\/","og_locale":"es_ES","og_type":"article","og_title":"Can Cargol - Barcelona - Reserva de mesa","og_description":"Haz una reserva para disfrutar de la mejor comida tradicional catalana y mediterr\u00e1nea de Barcelona y de nuestras especialidades en caracoles y carnes.","og_url":"https:\/\/cancargolbarcelona.com\/es\/reserva-de-mesa\/","og_site_name":"DEV - Can Cargol Barcelona","article_modified_time":"2018-04-17T16:12:02+00:00","twitter_card":"summary_large_image","schema":{"@context":"https:\/\/schema.org","@graph":[{"@type":"WebPage","@id":"https:\/\/cancargolbarcelona.com\/es\/reserva-de-mesa\/","url":"https:\/\/cancargolbarcelona.com\/es\/reserva-de-mesa\/","name":"Can Cargol - Barcelona - Reserva de mesa","isPartOf":{"@id":"https:\/\/cancargolbarcelona.com\/#website"},"datePublished":"2017-06-06T13:50:17+00:00","dateModified":"2018-04-17T16:12:02+00:00","description":"Haz una reserva para disfrutar de la mejor comida tradicional catalana y mediterr\u00e1nea de Barcelona y de nuestras especialidades en caracoles y carnes.","breadcrumb":{"@id":"https:\/\/cancargolbarcelona.com\/es\/reserva-de-mesa\/#breadcrumb"},"inLanguage":"es","potentialAction":[{"@type":"ReadAction","target":["https:\/\/cancargolbarcelona.com\/es\/reserva-de-mesa\/"]}]},{"@type":"BreadcrumbList","@id":"https:\/\/cancargolbarcelona.com\/es\/reserva-de-mesa\/#breadcrumb","itemListElement":[{"@type":"ListItem","position":1,"name":"Portada","item":"https:\/\/cancargolbarcelona.com\/es\/"},{"@type":"ListItem","position":2,"name":"Reserva de mesa"}]},{"@type":"WebSite","@id":"https:\/\/cancargolbarcelona.com\/#website","url":"https:\/\/cancargolbarcelona.com\/","name":"DEV - Can Cargol Barcelona","description":"DEV - Can Cargol Barcelona","potentialAction":[{"@type":"SearchAction","target":{"@type":"EntryPoint","urlTemplate":"https:\/\/cancargolbarcelona.com\/?s={search_term_string}"},"query-input":"required name=search_term_string"}],"inLanguage":"es"}]}},"_links":{"self":[{"href":"https:\/\/cancargolbarcelona.com\/es\/wp-json\/wp\/v2\/pages\/544"}],"collection":[{"href":"https:\/\/cancargolbarcelona.com\/es\/wp-json\/wp\/v2\/pages"}],"about":[{"href":"https:\/\/cancargolbarcelona.com\/es\/wp-json\/wp\/v2\/types\/page"}],"author":[{"embeddable":true,"href":"https:\/\/cancargolbarcelona.com\/es\/wp-json\/wp\/v2\/users\/1"}],"replies":[{"embeddable":true,"href":"https:\/\/cancargolbarcelona.com\/es\/wp-json\/wp\/v2\/comments?post=544"}],"version-history":[{"count":16,"href":"https:\/\/cancargolbarcelona.com\/es\/wp-json\/wp\/v2\/pages\/544\/revisions"}],"predecessor-version":[{"id":862,"href":"https:\/\/cancargolbarcelona.com\/es\/wp-json\/wp\/v2\/pages\/544\/revisions\/862"}],"wp:attachment":[{"href":"https:\/\/cancargolbarcelona.com\/es\/wp-json\/wp\/v2\/media?parent=544"}],"curies":[{"name":"wp","href":"https:\/\/api.w.org\/{rel}","templated":true}]}}