{"id":1084,"date":"2017-05-16T18:12:34","date_gmt":"2017-05-16T16:12:34","guid":{"rendered":"https:\/\/cancargolbarcelona.com\/dev\/inicio\/"},"modified":"2023-01-19T12:42:27","modified_gmt":"2023-01-19T11:42:27","slug":"inicio","status":"publish","type":"page","link":"https:\/\/cancargolbarcelona.com\/dev\/fr\/","title":{"rendered":"Inicio"},"content":{"rendered":"<div  class=\"one fullwidth \">\n\t\t\t<!-- START es Home01 REVOLUTION SLIDER 6.4.2 --><\/p>\n<p class=\"rs-p-wp-fix\">\n<p>\t\t\t<rs-module-wrap id=\"rev_slider_1_1_wrapper\" data-alias=\"home01\" data-source=\"gallery\" style=\"background:transparent;padding:0;margin:0px auto;margin-top:0;margin-bottom:0;\"><br \/>\n\t\t\t\t<rs-module id=\"rev_slider_1_1\" style=\"\" data-version=\"6.4.2\"><br \/>\n\t\t\t\t\t<rs-slides><br \/>\n\t\t\t\t\t\t<rs-slide data-key=\"rs-1\" data-title=\"Slide\" data-anim=\"ms:1500;\" data-in=\"o:0;\" data-out=\"a:false;\"><br \/>\n\t\t\t\t\t\t\t<img decoding=\"async\" src=\"\/\/cancargolbarcelona.com\/dev\/wp-content\/uploads\/2017\/06\/can-cargol-113.jpg\" title=\"Inicio\" class=\"rev-slidebg\" data-no-retina><br \/>\n<!---->\t\t\t\t\t\t<\/rs-slide><br \/>\n\t\t\t\t\t\t<rs-slide data-key=\"rs-3\" data-title=\"Slide\" data-anim=\"ms:1500;\" data-in=\"o:0;\" data-out=\"a:false;\"><br \/>\n\t\t\t\t\t\t\t<img decoding=\"async\" src=\"\/\/cancargolbarcelona.com\/dev\/wp-content\/uploads\/2017\/07\/can-cargol-001.jpg\" title=\"Inicio\" class=\"rev-slidebg\" data-no-retina><br \/>\n<!---->\t\t\t\t\t\t<\/rs-slide><br \/>\n\t\t\t\t\t\t<rs-slide data-key=\"rs-4\" data-title=\"Slide\" data-anim=\"ms:1500;\" data-in=\"o:0;\" data-out=\"a:false;\"><br \/>\n\t\t\t\t\t\t\t<img decoding=\"async\" src=\"\/\/cancargolbarcelona.com\/dev\/wp-content\/uploads\/2017\/07\/can-cargol-173.jpg\" title=\"Inicio\" class=\"rev-slidebg\" data-no-retina><br \/>\n<!---->\t\t\t\t\t\t<\/rs-slide><br \/>\n\t\t\t\t\t\t<rs-slide data-key=\"rs-5\" data-title=\"Slide\" data-anim=\"ms:1500;\" data-in=\"o:0;\" data-out=\"a:false;\"><br \/>\n\t\t\t\t\t\t\t<img decoding=\"async\" src=\"\/\/cancargolbarcelona.com\/dev\/wp-content\/uploads\/2017\/07\/can-cargol-089.jpg\" title=\"Inicio\" class=\"rev-slidebg\" data-no-retina><br \/>\n<!---->\t\t\t\t\t\t<\/rs-slide><br \/>\n\t\t\t\t\t<\/rs-slides><br \/>\n\t\t\t\t\t<rs-static-layers><!--\n\n\t\t\t\t\t\t\t--><rs-layer\n\t\t\t\t\t\t\t\tid=\"slider-1-slide-1-layer-1\" \n\t\t\t\t\t\t\t\tclass=\"rs-svg rs-layer-static\"\n\t\t\t\t\t\t\t\tdata-type=\"svg\"\n\t\t\t\t\t\t\t\tdata-color=\"rgba(255,255,255,1)\"\n\t\t\t\t\t\t\t\tdata-rsp_ch=\"on\"\n\t\t\t\t\t\t\t\tdata-xy=\"x:c;y:c;yo:334px;\"\n\t\t\t\t\t\t\t\tdata-text=\"fw:100;a:inherit;\"\n\t\t\t\t\t\t\t\tdata-dim=\"w:70px;h:70px;\"\n\t\t\t\t\t\t\t\tdata-actions='o:click;a:scrollbelow;sp:300;e:none;'\n\t\t\t\t\t\t\t\tdata-svg_src=\"\/\/cancargolbarcelona.com\/wp-content\/plugins\/revslider\/public\/assets\/assets\/svg\/hardware\/ic_keyboard_arrow_down_24px.svg\"\n\t\t\t\t\t\t\t\tdata-svgi=\"c:rgba(255,255,255,1);\"\n\t\t\t\t\t\t\t\tdata-svgh=\"c:#cfa670;\"\n\t\t\t\t\t\t\t\tdata-onslides=\"s:1;\"\n\t\t\t\t\t\t\t\tdata-frame_0=\"tp:600;\"\n\t\t\t\t\t\t\t\tdata-frame_1=\"tp:600;st:0;\"\n\t\t\t\t\t\t\t\tdata-frame_999=\"o:0;tp:600;st:w;sR:4200;\"\n\t\t\t\t\t\t\t\tdata-frame_hover=\"sX:1.2;sY:1.2;c:#cfa670;oX:50;oY:50;e:none;\"\n\t\t\t\t\t\t\t\tstyle=\"z-index:5;font-family:Arial;cursor:pointer;\"\n\t\t\t\t\t\t\t><br \/>\n\t\t\t\t\t\t\t<\/rs-layer><!--\n\t\t\t\t\t--><\/rs-static-layers><br \/>\n\t\t\t\t<\/rs-module><br \/>\n\t\t\t\t<script type=\"text\/javascript\">\n\t\t\t\t\tsetREVStartSize({c: 'rev_slider_1_1',rl:[1240,1024,778,480],el:[],gw:[1240],gh:[868],type:'standard',justify:'',layout:'fullwidth',mh:\"0\"});\n\t\t\t\t\tvar\trevapi1,\n\t\t\t\t\t\ttpj;\n\t\t\t\t\tfunction revinit_revslider11() {\n\t\t\t\t\tjQuery(function() {\n\t\t\t\t\t\ttpj = jQuery;\n\t\t\t\t\t\trevapi1 = tpj(\"#rev_slider_1_1\");\n\t\t\t\t\t\tif(revapi1==undefined || revapi1.revolution == undefined){\n\t\t\t\t\t\t\trevslider_showDoubleJqueryError(\"rev_slider_1_1\");\n\t\t\t\t\t\t}else{\n\t\t\t\t\t\t\trevapi1.revolution({\n\t\t\t\t\t\t\t\tsliderLayout:\"fullwidth\",\n\t\t\t\t\t\t\t\tduration:4500,\n\t\t\t\t\t\t\t\tvisibilityLevels:\"1240,1024,778,480\",\n\t\t\t\t\t\t\t\tgridwidth:1240,\n\t\t\t\t\t\t\t\tgridheight:868,\n\t\t\t\t\t\t\t\tspinner:\"spinner3\",\n\t\t\t\t\t\t\t\tperspectiveType:\"local\",\n\t\t\t\t\t\t\t\tresponsiveLevels:\"1240,1024,778,480\",\n\t\t\t\t\t\t\t\tprogressBar:{disableProgressBar:true},\n\t\t\t\t\t\t\t\tnavigation: {\n\t\t\t\t\t\t\t\t\tmouseScrollNavigation:false,\n\t\t\t\t\t\t\t\t\tonHoverStop:false,\n\t\t\t\t\t\t\t\t\ttouch: {\n\t\t\t\t\t\t\t\t\t\ttouchenabled:true\n\t\t\t\t\t\t\t\t\t}\n\t\t\t\t\t\t\t\t},\n\t\t\t\t\t\t\t\tfallbacks: {\n\t\t\t\t\t\t\t\t\tallowHTML5AutoPlayOnAndroid:true\n\t\t\t\t\t\t\t\t},\n\t\t\t\t\t\t\t});\n\t\t\t\t\t\t}<\/p>\n<p>\t\t\t\t\t});\n\t\t\t\t\t} \/\/ End of RevInitScript\n\t\t\t\tvar once_revslider11 = false;\n\t\t\t\tif (document.readyState === \"loading\") {document.addEventListener('readystatechange',function() { if((document.readyState === \"interactive\" || document.readyState === \"complete\") && !once_revslider11 ) { once_revslider11 = true; revinit_revslider11();}});} else {once_revslider11 = true; revinit_revslider11();}\n\t\t\t\t<\/script><\/p>\n<style type=\"text\/css\">\t#rev_slider_1_1_wrapper rs-loader.spinner3 div { background-color: #FFFFFF !important; } <\/style>\n<p>\t\t\t<\/rs-module-wrap><br \/>\n\t\t\t<!-- END REVOLUTION SLIDER -->\n<\/div>\n<div  class=\"one withsmallpadding ppb_text\" style=\"text-align:center;padding:100px 0 100px 0;\" >\n<div class=\"standard_wrapper\">\n<div class=\"page_content_wrapper\">\n<div class=\"inner\">\n<div style=\"margin:auto;width:60%\">\n<h2 style=\"font-size: 30px; text-transform: uppercase; letter-spacing: -1px; font-weight: 300;\">Le restaurant<\/h2>\n<div class=\"post_detail\"><\/div>\n<div class=\"post_detail\">Despuis 1997 nous sommes \u00e0 votre service en vous<br \/>\nproposant nos sp\u00e9cialit\u00e9s d\u00b4escargots et de cuisine m\u00e9diterran\u00e9ene traditionelle, l\u00e9gumes, viandes et desserts, dans un ambiance familiale et d\u00e9tendue<\/div>\n<div class=\"post_detail\">Nous avons un grill ou charbon de bois o\u00fa nous pr\u00e9parans<br \/>\ncertains sp\u00e9cialit\u00e9s de notre nouvelle carte, telles que viandes, fromages, l\u00e9gumes, etc\u2026<\/div>\n<div class=\"post_detail\"><\/div>\n<\/div>\n<\/div>\n<\/div>\n<\/div>\n<\/div>\n<div  class=\"one withsmallpadding ppb_content_half_bg withbg \" style=\"background-image:url(https:\/\/cancargolbarcelona.com\/dev\/wp-content\/uploads\/2017\/03\/Can-Cargol.png);background-position: center top;padding:100px 0 100px 0;\" >\n<div class=\"standard_wrapper\">\n<div class=\"page_content_wrapper\">\n<div class=\"inner\">\n<div class=\"one_half_bg\" style=\"background:#ffffff;background:rgb(255,255,255,0.9);background:rgba(255,255,255,0.9);\">\n<h2 style=\"font-size: 30px; text-transform: uppercase; letter-spacing: -1px; font-weight: 300;\">Acueillir<\/h2>\n<div class=\"post_detail\"><\/div>\n<div class=\"post_detail\">Nous vous accueillons afin que vous puissiez profiler de<br \/>\nnos installations, ainsi que de la nouvelle carte et de sa vari\u00e9t\u00e9 de plats.<\/div>\n<div class=\"post_detail\">Nous r\u00e9jouissons de vous servir et de rendre votre visite<br \/>\nla plus agr\u00e9able posible<\/div>\n<p><span style=\"font-family: Kristi; font-size: 40px; font-weight: 400;\">L&#8217;equip Can Cargol<\/span><\/p>\n<\/div>\n<\/div>\n<\/div>\n<\/div>\n<\/div>\n<div  class=\"one withsmallpadding ppb_text\" style=\"padding-bottom: 0px !important;padding:100px 0 100px 0;\" >\n<div class=\"standard_wrapper\">\n<div class=\"page_content_wrapper\">\n<div class=\"inner\">\n<div style=\"margin:auto;width:100%\">\n<h2 style=\"font-size: 30px; text-transform: uppercase; letter-spacing: -1px; font-weight: 300; text-align: center;\">Notre sp\u00e9cialit\u00e9.Les escargots<\/h2>\n<\/div>\n<\/div>\n<\/div>\n<\/div>\n<\/div>\n<div  class=\"ppb_menu_multiple one nopadding \" style=\"padding-bottom: 0px !important;padding:50px 0 50px 0;\" >\n<div class=\"page_content_wrapper fullwidth\">\n<div class=\"standard_wrapper\">\n<div class=\"portfolio_filter_wrapper two_cols gallery portfolio-content section content clearfix\">\n<div class=\"element classic2_cols\">\n<div class=\"one_half gallery2 filterable static\">\n<div class=\"menu_multiple_wrapper\" style=\"background:#ffffff;border: 1px solid #ffffff;\">\n<h2 class=\"ppb_title\"> <\/h2>\n<div class=\"menu_multiple_content\">\n<p><img decoding=\"async\" loading=\"lazy\" class=\"aligncenter size-medium wp-image-138\" src=\"https:\/\/cancargolbarcelona.com\/dev\/wp-content\/uploads\/2017\/05\/caracol_222220-300x268.png\" alt=\"\" width=\"300\" height=\"268\" \/><\/p>\n<\/div>\n<\/div>\n<\/div>\n<\/div>\n<div class=\"element classic2_cols\">\n<div class=\"one_half gallery2 filterable static\">\n<div class=\"menu_multiple_wrapper\">\n<h2 class=\"ppb_menu_title\" >ESCARGOTS<\/h2>\n<p><br class=\"clear\"\/><\/p>\n<div class=\"one\">\n<div id=\"menu_1364\" class=\"menu_content_classic\">\n<h5 class=\"menu_post\">\n\t\t\t\t        \t<span class=\"menu_title\">Chef escargots<\/span><br \/>\n\t\t\t\t        \t<span class=\"menu_dots\"><\/span><span class=\"menu_price\">13,90\u20ac<\/span><\/h5>\n<div class=\"post_detail menu_excerpt\"><\/div>\n<p><br class=\"clear\"\/><\/div>\n<\/div>\n<div class=\"one\">\n<div id=\"menu_1367\" class=\"menu_content_classic\">\n<h5 class=\"menu_post\">\n\t\t\t\t        \t<span class=\"menu_title\">Au sel et poivre<\/span><br \/>\n\t\t\t\t        \t<span class=\"menu_dots\"><\/span><span class=\"menu_price\">13,50\u20ac<\/span><\/h5>\n<div class=\"post_detail menu_excerpt\"><\/div>\n<p><br class=\"clear\"\/><\/div>\n<\/div>\n<div class=\"one\">\n<div id=\"menu_1369\" class=\"menu_content_classic\">\n<h5 class=\"menu_post\">\n\t\t\t\t        \t<span class=\"menu_title\">Can cargol (amandes et fines herbes)<\/span><br \/>\n\t\t\t\t        \t<span class=\"menu_dots\"><\/span><span class=\"menu_price\">13,70\u20ac<\/span><\/h5>\n<div class=\"post_detail menu_excerpt\"><\/div>\n<p><br class=\"clear\"\/><\/div>\n<\/div>\n<div class=\"one\">\n<div id=\"menu_1372\" class=\"menu_content_classic\">\n<h5 class=\"menu_post\">\n\t\t\t\t        \t<span class=\"menu_title\">De la grand mere (saucisse noire et sauce tomate)<\/span><br \/>\n\t\t\t\t        \t<span class=\"menu_dots\"><\/span><span class=\"menu_price\">13,70\u20ac<\/span><\/h5>\n<div class=\"post_detail menu_excerpt\"><\/div>\n<p><br class=\"clear\"\/><\/div>\n<\/div>\n<div class=\"one\">\n<div id=\"menu_1374\" class=\"menu_content_classic\">\n<h5 class=\"menu_post\">\n\t\t\t\t        \t<span class=\"menu_title\">Du grand pere (sauce pignante)<\/span><br \/>\n\t\t\t\t        \t<span class=\"menu_dots\"><\/span><span class=\"menu_price\">13,70\u20ac<\/span><\/h5>\n<div class=\"post_detail menu_excerpt\"><\/div>\n<p><br class=\"clear\"\/><\/div>\n<\/div>\n<div class=\"one\">\n<div id=\"menu_1376\" class=\"menu_content_classic\">\n<h5 class=\"menu_post\">\n\t\t\t\t        \t<span class=\"menu_title\">De la belle mere (viande hachee sauce tomate)<\/span><br \/>\n\t\t\t\t        \t<span class=\"menu_dots\"><\/span><span class=\"menu_price\">13,70\u20ac<\/span><\/h5>\n<div class=\"post_detail menu_excerpt\"><\/div>\n<p><br class=\"clear\"\/><\/div>\n<\/div>\n<div class=\"one\">\n<div id=\"menu_1379\" class=\"menu_content_classic\">\n<h5 class=\"menu_post\">\n\t\t\t\t        \t<span class=\"menu_title\">Alioli<\/span><br \/>\n\t\t\t\t        \t<span class=\"menu_dots\"><\/span><span class=\"menu_price\">13,50\u20ac<\/span><\/h5>\n<div class=\"post_detail menu_excerpt\"><\/div>\n<p><br class=\"clear\"\/><\/div>\n<\/div>\n<p><br class=\"clear\"\/><\/div>\n<\/div>\n<\/div>\n<\/div>\n<\/div>\n<\/div>\n<\/div>\n<div  class=\"one withsmallpadding ppb_text\" style=\"padding-top: 0px !important;padding:30px 0 30px 0;\" >\n<div class=\"standard_wrapper\">\n<div class=\"page_content_wrapper\">\n<div class=\"inner\">\n<div style=\"margin:auto;width:100%\">\n<p style=\"text-align: center;\">NOTRE SP\u00c9CIALIT\u00c9, C&#8217;EST LES ESCARGOTS, MAIS NOUS AVONS BEAUCOUP PLUS \u00c0 VOUS OFFRIR.<\/p>\n<p style=\"text-align: center;\"><a class=\"button small \" onclick=\"window.open('https:\/\/cancargolbarcelona.com\/dev\/fr\/carte\/', '_self')\">Voir la lettre compl\u00e8te<\/a><\/p>\n<\/div>\n<\/div>\n<\/div>\n<\/div>\n<\/div>\n<div  class=\"one withsmallpadding ppb_text\" style=\"padding:30px 0 30px 0;\" >\n<div class=\"standard_wrapper\">\n<div class=\"page_content_wrapper\">\n<div class=\"inner\">\n<div style=\"margin:auto;width:100%\">\n<p style=\"text-align: center;\">\n<hr class=\"faded\"\/>\n<\/div>\n<\/div>\n<\/div>\n<\/div>\n<\/div>\n<div  class=\"one withsmallpadding ppb_text\" style=\"padding-bottom: 0px !important;padding:30px 0 30px 0;\" >\n<div class=\"standard_wrapper\">\n<div class=\"page_content_wrapper\">\n<div class=\"inner\">\n<div style=\"margin:auto;width:100%\">\n<h2 style=\"font-size: 30px; text-transform: uppercase; letter-spacing: -1px; font-weight: 300; text-align: center;\">Les avis de nos clients<\/h2>\n<\/div>\n<\/div>\n<\/div>\n<\/div>\n<\/div>\n<div  class=\"one withsmallpadding \" style=\"padding-top: 0px !important; margin-top: 0px !important;\" >\n<div class=\"standard_wrapper\">\n<div class=\"page_content_wrapper\" style=\"text-align:center\">\n<div class=\"inner\">\n<div class=\"testimonial_slider_wrapper\">\n<div class=\"flexslider\" data-height=\"750\">\n<ul class=\"slides\">\n<li>\n<div class=\"testimonial_slider_wrapper\">\n<div class=\"testimonial_stars\"><i class=\"fa fa-star\"><\/i><i class=\"fa fa-star\"><\/i><i class=\"fa fa-star\"><\/i><i class=\"fa fa-star\"><\/i><i class=\"fa fa-star\"><\/i><\/div>\n<p>Buena brasa y excelentes caracoles. Cocina tradicional catalana. Buena atencion. Siempre llenan y no es de extra\u00f1ar. Recomiendo<\/p>\n<div class=\"testimonial_slider_meta\"><span class=\"post_detail\" >pepbcn<\/span><\/div>\n<\/div>\n<\/li>\n<li>\n<div class=\"testimonial_slider_wrapper\">\n<div class=\"testimonial_stars\"><i class=\"fa fa-star\"><\/i><i class=\"fa fa-star\"><\/i><i class=\"fa fa-star\"><\/i><i class=\"fa fa-star\"><\/i><i class=\"fa fa-star\"><\/i><\/div>\n<p>Buena brasa y excelentes caracoles. Cocina tradicional catalana. Buena atencion. Siempre llenan y no es de extra\u00f1ar. Recomiendo<\/p>\n<div class=\"testimonial_slider_meta\"><span class=\"post_detail\" >pepbcn<\/span><\/div>\n<\/div>\n<\/li>\n<li>\n<div class=\"testimonial_slider_wrapper\">\n<div class=\"testimonial_stars\"><i class=\"fa fa-star\"><\/i><i class=\"fa fa-star\"><\/i><i class=\"fa fa-star\"><\/i><i class=\"fa fa-star\"><\/i><i class=\"fa fa-star\"><\/i><\/div>\n<p>Buena brasa y excelentes caracoles. Cocina tradicional catalana. Buena atencion. Siempre llenan y no es de extra\u00f1ar. Recomiendo<\/p>\n<div class=\"testimonial_slider_meta\"><span class=\"post_detail\" >pepbcn<\/span><\/div>\n<\/div>\n<\/li>\n<li>\n<div class=\"testimonial_slider_wrapper\">\n<div class=\"testimonial_stars\"><i class=\"fa fa-star\"><\/i><i class=\"fa fa-star\"><\/i><i class=\"fa fa-star\"><\/i><i class=\"fa fa-star\"><\/i><i class=\"fa fa-star\"><\/i><\/div>\n<p>Buena brasa y excelentes caracoles. Cocina tradicional catalana. Buena atencion. Siempre llenan y no es de extra\u00f1ar. Recomiendo<\/p>\n<div class=\"testimonial_slider_meta\"><span class=\"post_detail\" >pepbcn<\/span><\/div>\n<\/div>\n<\/li>\n<\/ul>\n<\/div>\n<\/div>\n<\/div>\n<\/div>\n<\/div>\n<\/div>\n","protected":false},"excerpt":{"rendered":"<p>Le restaurant Despuis 1997 nous sommes \u00e0 votre service en vous proposant nos sp\u00e9cialit\u00e9s d\u00b4escargots et de cuisine m\u00e9diterran\u00e9ene traditionelle, l\u00e9gumes, viandes et desserts, dans un ambiance familiale et d\u00e9tendue Nous avons un grill ou charbon de bois o\u00fa nous [&hellip;]<\/p>\n","protected":false},"author":1,"featured_media":0,"parent":0,"menu_order":0,"comment_status":"closed","ping_status":"closed","template":"","meta":[],"yoast_head":"<!-- This site is optimized with the Yoast SEO plugin v19.14 - https:\/\/yoast.com\/wordpress\/plugins\/seo\/ -->\n<title>Can Cargol - Barcelona<\/title>\n<meta name=\"description\" content=\"Restaurante de comida tradicional catalana y mediterr\u00e1nea en el centro de Barcelona. Especialidad en caracoles y carnes a la brasa.\" \/>\n<meta name=\"robots\" content=\"noindex, follow, max-snippet:-1, max-image-preview:large, max-video-preview:-1\" \/>\n<meta property=\"og:locale\" content=\"fr_FR\" \/>\n<meta property=\"og:type\" content=\"article\" \/>\n<meta property=\"og:title\" content=\"Can Cargol - Barcelona\" \/>\n<meta property=\"og:description\" content=\"Restaurante de comida tradicional catalana y mediterr\u00e1nea en el centro de Barcelona. Especialidad en caracoles y carnes a la brasa.\" \/>\n<meta property=\"og:url\" content=\"https:\/\/cancargolbarcelona.com\/dev\/fr\/\" \/>\n<meta property=\"og:site_name\" content=\"DEV - Can Cargol Barcelona\" \/>\n<meta property=\"article:modified_time\" content=\"2023-01-19T11:42:27+00:00\" \/>\n<meta property=\"og:image\" content=\"https:\/\/cancargolbarcelona.com\/dev\/wp-content\/uploads\/2017\/05\/caracol_222220-300x268.png\" \/>\n<meta name=\"twitter:card\" content=\"summary_large_image\" \/>\n<meta name=\"twitter:label1\" content=\"Dur\u00e9e de lecture estim\u00e9e\" \/>\n\t<meta name=\"twitter:data1\" content=\"3 minutes\" \/>\n<script type=\"application\/ld+json\" class=\"yoast-schema-graph\">{\"@context\":\"https:\/\/schema.org\",\"@graph\":[{\"@type\":\"WebPage\",\"@id\":\"https:\/\/cancargolbarcelona.com\/dev\/fr\/\",\"url\":\"https:\/\/cancargolbarcelona.com\/dev\/fr\/\",\"name\":\"Can Cargol - Barcelona\",\"isPartOf\":{\"@id\":\"https:\/\/cancargolbarcelona.com\/dev\/#website\"},\"datePublished\":\"2017-05-16T16:12:34+00:00\",\"dateModified\":\"2023-01-19T11:42:27+00:00\",\"description\":\"Restaurante de comida tradicional catalana y mediterr\u00e1nea en el centro de Barcelona. Especialidad en caracoles y carnes a la brasa.\",\"breadcrumb\":{\"@id\":\"https:\/\/cancargolbarcelona.com\/dev\/fr\/#breadcrumb\"},\"inLanguage\":\"fr-FR\",\"potentialAction\":[{\"@type\":\"ReadAction\",\"target\":[\"https:\/\/cancargolbarcelona.com\/dev\/fr\/\"]}]},{\"@type\":\"BreadcrumbList\",\"@id\":\"https:\/\/cancargolbarcelona.com\/dev\/fr\/#breadcrumb\",\"itemListElement\":[{\"@type\":\"ListItem\",\"position\":1,\"name\":\"Portada\",\"item\":\"https:\/\/cancargolbarcelona.com\/dev\/fr\/\"},{\"@type\":\"ListItem\",\"position\":2,\"name\":\"Inicio\"}]},{\"@type\":\"WebSite\",\"@id\":\"https:\/\/cancargolbarcelona.com\/dev\/#website\",\"url\":\"https:\/\/cancargolbarcelona.com\/dev\/\",\"name\":\"DEV - Can Cargol Barcelona\",\"description\":\"DEV - Can Cargol Barcelona\",\"potentialAction\":[{\"@type\":\"SearchAction\",\"target\":{\"@type\":\"EntryPoint\",\"urlTemplate\":\"https:\/\/cancargolbarcelona.com\/dev\/?s={search_term_string}\"},\"query-input\":\"required name=search_term_string\"}],\"inLanguage\":\"fr-FR\"}]}<\/script>\n<!-- \/ Yoast SEO plugin. -->","yoast_head_json":{"title":"Can Cargol - Barcelona","description":"Restaurante de comida tradicional catalana y mediterr\u00e1nea en el centro de Barcelona. Especialidad en caracoles y carnes a la brasa.","robots":{"index":"noindex","follow":"follow","max-snippet":"max-snippet:-1","max-image-preview":"max-image-preview:large","max-video-preview":"max-video-preview:-1"},"og_locale":"fr_FR","og_type":"article","og_title":"Can Cargol - Barcelona","og_description":"Restaurante de comida tradicional catalana y mediterr\u00e1nea en el centro de Barcelona. Especialidad en caracoles y carnes a la brasa.","og_url":"https:\/\/cancargolbarcelona.com\/dev\/fr\/","og_site_name":"DEV - Can Cargol Barcelona","article_modified_time":"2023-01-19T11:42:27+00:00","og_image":[{"url":"https:\/\/cancargolbarcelona.com\/dev\/wp-content\/uploads\/2017\/05\/caracol_222220-300x268.png"}],"twitter_card":"summary_large_image","twitter_misc":{"Dur\u00e9e de lecture estim\u00e9e":"3 minutes"},"schema":{"@context":"https:\/\/schema.org","@graph":[{"@type":"WebPage","@id":"https:\/\/cancargolbarcelona.com\/dev\/fr\/","url":"https:\/\/cancargolbarcelona.com\/dev\/fr\/","name":"Can Cargol - Barcelona","isPartOf":{"@id":"https:\/\/cancargolbarcelona.com\/dev\/#website"},"datePublished":"2017-05-16T16:12:34+00:00","dateModified":"2023-01-19T11:42:27+00:00","description":"Restaurante de comida tradicional catalana y mediterr\u00e1nea en el centro de Barcelona. Especialidad en caracoles y carnes a la brasa.","breadcrumb":{"@id":"https:\/\/cancargolbarcelona.com\/dev\/fr\/#breadcrumb"},"inLanguage":"fr-FR","potentialAction":[{"@type":"ReadAction","target":["https:\/\/cancargolbarcelona.com\/dev\/fr\/"]}]},{"@type":"BreadcrumbList","@id":"https:\/\/cancargolbarcelona.com\/dev\/fr\/#breadcrumb","itemListElement":[{"@type":"ListItem","position":1,"name":"Portada","item":"https:\/\/cancargolbarcelona.com\/dev\/fr\/"},{"@type":"ListItem","position":2,"name":"Inicio"}]},{"@type":"WebSite","@id":"https:\/\/cancargolbarcelona.com\/dev\/#website","url":"https:\/\/cancargolbarcelona.com\/dev\/","name":"DEV - Can Cargol Barcelona","description":"DEV - Can Cargol Barcelona","potentialAction":[{"@type":"SearchAction","target":{"@type":"EntryPoint","urlTemplate":"https:\/\/cancargolbarcelona.com\/dev\/?s={search_term_string}"},"query-input":"required name=search_term_string"}],"inLanguage":"fr-FR"}]}},"_links":{"self":[{"href":"https:\/\/cancargolbarcelona.com\/dev\/fr\/wp-json\/wp\/v2\/pages\/1084"}],"collection":[{"href":"https:\/\/cancargolbarcelona.com\/dev\/fr\/wp-json\/wp\/v2\/pages"}],"about":[{"href":"https:\/\/cancargolbarcelona.com\/dev\/fr\/wp-json\/wp\/v2\/types\/page"}],"author":[{"embeddable":true,"href":"https:\/\/cancargolbarcelona.com\/dev\/fr\/wp-json\/wp\/v2\/users\/1"}],"replies":[{"embeddable":true,"href":"https:\/\/cancargolbarcelona.com\/dev\/fr\/wp-json\/wp\/v2\/comments?post=1084"}],"version-history":[{"count":5,"href":"https:\/\/cancargolbarcelona.com\/dev\/fr\/wp-json\/wp\/v2\/pages\/1084\/revisions"}],"predecessor-version":[{"id":1963,"href":"https:\/\/cancargolbarcelona.com\/dev\/fr\/wp-json\/wp\/v2\/pages\/1084\/revisions\/1963"}],"wp:attachment":[{"href":"https:\/\/cancargolbarcelona.com\/dev\/fr\/wp-json\/wp\/v2\/media?parent=1084"}],"curies":[{"name":"wp","href":"https:\/\/api.w.org\/{rel}","templated":true}]}}