{"id":1066,"date":"2017-06-06T15:50:17","date_gmt":"2017-06-06T13:50:17","guid":{"rendered":"https:\/\/cancargolbarcelona.com\/dev\/reserva-de-mesa\/"},"modified":"2023-01-19T13:31:55","modified_gmt":"2023-01-19T12:31:55","slug":"reserva-de-mesa","status":"publish","type":"page","link":"https:\/\/cancargolbarcelona.com\/dev\/fr\/reserva-de-mesa\/","title":{"rendered":"Reserva de mesa"},"content":{"rendered":"<div  class=\"one withsmallpadding ppb_text\" style=\"padding:30px 0 30px 0;\" >\n<div class=\"standard_wrapper\">\n<div class=\"page_content_wrapper\">\n<div class=\"inner\">\n<div style=\"margin:auto;width:100%\">\n<p style=\"text-align: center;\">\n<div class=\"wpcf7 no-js\" id=\"wpcf7-f1971-o1\" lang=\"es-ES\" dir=\"ltr\">\n<div class=\"screen-reader-response\">\n<p role=\"status\" aria-live=\"polite\" aria-atomic=\"true\">\n<ul><\/ul>\n<\/div>\n<form action=\"\/dev\/wp-admin\/post.php#wpcf7-f1971-o1\" method=\"post\" class=\"wpcf7-form init\" aria-label=\"Formulario de contacto\" novalidate=\"novalidate\" data-status=\"init\">\n<div style=\"display: none;\">\n<input type=\"hidden\" name=\"_wpcf7\" value=\"1971\" \/><br \/>\n<input type=\"hidden\" name=\"_wpcf7_version\" value=\"5.7.2\" \/><br \/>\n<input type=\"hidden\" name=\"_wpcf7_locale\" value=\"es_ES\" \/><br \/>\n<input type=\"hidden\" name=\"_wpcf7_unit_tag\" value=\"wpcf7-f1971-o1\" \/><br \/>\n<input type=\"hidden\" name=\"_wpcf7_container_post\" value=\"0\" \/><br \/>\n<input type=\"hidden\" name=\"_wpcf7_posted_data_hash\" value=\"\" \/>\n<\/div>\n<div class=\"booking-field\">\n<p><label><i class=\"fa fa-user\" aria-hidden=\"true\"><\/i><\/label><span class=\"wpcf7-form-control-wrap\" data-name=\"nombre\"><input size=\"40\" class=\"wpcf7-form-control wpcf7-text wpcf7-validates-as-required\" aria-required=\"true\" aria-invalid=\"false\" placeholder=\"Nom\" value=\"\" type=\"text\" name=\"nombre\" \/><\/span>\n\t<\/p>\n<\/div>\n<div class=\"booking-field\">\n<p><label><i class=\"fa fa-envelope-o\" aria-hidden=\"true\"><\/i><\/label><span class=\"wpcf7-form-control-wrap\" data-name=\"email\"><input size=\"40\" class=\"wpcf7-form-control wpcf7-text wpcf7-email wpcf7-validates-as-required wpcf7-validates-as-email\" aria-required=\"true\" aria-invalid=\"false\" placeholder=\"Email\" value=\"\" type=\"email\" name=\"email\" \/><\/span>\n\t<\/p>\n<\/div>\n<div class=\"booking-field\">\n<p><label><i class=\"fa fa-phone\" aria-hidden=\"true\"><\/i><\/label><span class=\"wpcf7-form-control-wrap\" data-name=\"telefono\"><input size=\"40\" class=\"wpcf7-form-control wpcf7-text wpcf7-tel wpcf7-validates-as-required wpcf7-validates-as-tel\" aria-required=\"true\" aria-invalid=\"false\" placeholder=\"T\u00e9l\u00e9phone\" value=\"\" type=\"tel\" name=\"telefono\" \/><\/span>\n\t<\/p>\n<\/div>\n<div style=\"clear: both;\">\n<\/div>\n<div class=\"booking-field booking-data\">\n<p><label><i class=\"fa fa-calendar\" aria-hidden=\"true\"><\/i><\/label><span class=\"wpcf7-form-control-wrap\" data-name=\"fecha\"><input class=\"wpcf7-form-control wpcf7-date wpcf7-validates-as-required wpcf7-validates-as-date\" id=\"fecha\" aria-required=\"true\" aria-invalid=\"false\" placeholder=\"Date\" value=\"\" type=\"date\" name=\"fecha\" \/><\/span>\n\t<\/p>\n<\/div>\n<div class=\"booking-field booking-data\">\n<p><label><i class=\"fa fa-clock-o\" aria-hidden=\"true\"><\/i><\/label><span class=\"wpcf7-form-control-wrap\" data-name=\"hora\"><select class=\"wpcf7-form-control wpcf7-select wpcf7-validates-as-required\" id=\"hora\" aria-required=\"true\" aria-invalid=\"false\" name=\"hora\"><option value=\"13:00\">13:00<\/option><option value=\"13:30\">13:30<\/option><option value=\"14:00\">14:00<\/option><option value=\"15:00\">15:00<\/option><option value=\"15:30\">15:30<\/option><option value=\"20:00\">20:00<\/option><option value=\"20:30\">20:30<\/option><option value=\"21:00\">21:00<\/option><option value=\"21:30\">21:30<\/option><option value=\"22:00\">22:00<\/option><option value=\"22:30\">22:30<\/option><option value=\"23:00\">23:00<\/option><option value=\"23:30\">23:30<\/option><\/select><\/span>\n\t<\/p>\n<\/div>\n<div class=\"booking-field booking-data\">\n<p><label><i class=\"fa fa-users\" aria-hidden=\"true\"><\/i><\/label><span class=\"wpcf7-form-control-wrap\" data-name=\"personas\"><select class=\"wpcf7-form-control wpcf7-select wpcf7-validates-as-required\" aria-required=\"true\" aria-invalid=\"false\" name=\"personas\"><option value=\"1 personne\">1 personne<\/option><option value=\"2 personne\">2 personne<\/option><option value=\"3 personne\">3 personne<\/option><option value=\"4 personne\">4 personne<\/option><option value=\"5 personne\">5 personne<\/option><option value=\"6 personne\">6 personne<\/option><option value=\"7 personne\">7 personne<\/option><option value=\"8 personne\">8 personne<\/option><option value=\"9 personne\">9 personne<\/option><option value=\"10 personne\">10 personne<\/option><option value=\"+10 - Indiquez dans les commentaires\">+10 &#8211; Indiquez dans les commentaires<\/option><\/select><\/span>\n\t<\/p>\n<\/div>\n<div style=\"clear: both;\">\n<\/div>\n<div class=\"booking-field booking-comments\">\n<p><label><i class=\"fa fa-comment-o\" aria-hidden=\"true\"><\/i><\/label><span class=\"wpcf7-form-control-wrap\" data-name=\"comentarios\"><textarea cols=\"40\" rows=\"10\" class=\"wpcf7-form-control wpcf7-textarea\" aria-invalid=\"false\" placeholder=\"commentaires\" name=\"comentarios\"><\/textarea><\/span>\n\t<\/p>\n<\/div>\n<div class=\"acceptance\">\n<p><span class=\"wpcf7-form-control-wrap\" data-name=\"acepto\"><span class=\"wpcf7-form-control wpcf7-acceptance\"><span class=\"wpcf7-list-item\"><input type=\"checkbox\" name=\"acepto\" value=\"1\" aria-invalid=\"false\" \/><\/span><\/span><\/span> J&rsquo;ai lu et accepte le <a href=\"https:\/\/cancargolbarcelona.com\/dev\/fr\/politica-de-privacidad\/\" target=\"_blank\" rel=\"noopener\">politique de confidentialit\u00e9<\/a>\n\t<\/p>\n<\/div>\n<div>\n<p><input class=\"wpcf7-form-control has-spinner wpcf7-submit\" type=\"submit\" value=\"Demander une r\u00e9servation\" \/>\n\t<\/p>\n<\/div>\n<div class=\"wpcf7-response-output\" aria-hidden=\"true\"><\/div>\n<\/form>\n<\/div>\n<\/div>\n<\/div>\n<\/div>\n<\/div>\n<\/div>\n<div  class=\"one withsmallpadding ppb_text\" style=\"padding:30px 0 30px 0;\" >\n<div class=\"standard_wrapper\">\n<div class=\"page_content_wrapper\">\n<div class=\"inner\">\n<div style=\"margin:auto;width:100%\">\n<p style=\"text-align: center;\">Ou, si vous pr\u00e9f\u00e9rez, appelez-nous au <a href=\"tel:+34 93 458 96 31\">+34 93 458 96 31<\/a> ou \u00e9crivez-nous <a href=\"mailto:javifr@berozpi.com\">javifr@berozpi.com<\/a><a>.<\/a><\/p>\n<\/div>\n<\/div>\n<\/div>\n<\/div>\n<\/div>\n","protected":false},"excerpt":{"rendered":"<p>13:0013:3014:0015:0015:3020:0020:3021:0021:3022:0022:3023:0023:30 1 personne2 personne3 personne4 personne5 personne6 personne7 personne8 personne9 personne10 personne+10 &#8211; Indiquez dans les commentaires J&rsquo;ai lu et accepte le politique de confidentialit\u00e9 Ou, si vous pr\u00e9f\u00e9rez, appelez-nous au +34 93 458 96 31 ou \u00e9crivez-nous javifr@berozpi.com.<\/p>\n","protected":false},"author":1,"featured_media":0,"parent":0,"menu_order":0,"comment_status":"closed","ping_status":"closed","template":"","meta":[],"yoast_head":"<!-- This site is optimized with the Yoast SEO plugin v19.14 - https:\/\/yoast.com\/wordpress\/plugins\/seo\/ -->\n<title>Can Cargol - Barcelona - Reserva de mesa<\/title>\n<meta name=\"description\" content=\"Haz una reserva para disfrutar de la mejor comida tradicional catalana y mediterr\u00e1nea de Barcelona y de nuestras especialidades en caracoles y carnes.\" \/>\n<meta name=\"robots\" content=\"noindex, follow, max-snippet:-1, max-image-preview:large, max-video-preview:-1\" \/>\n<meta property=\"og:locale\" content=\"fr_FR\" \/>\n<meta property=\"og:type\" content=\"article\" \/>\n<meta property=\"og:title\" content=\"Can Cargol - Barcelona - Reserva de mesa\" \/>\n<meta property=\"og:description\" content=\"Haz una reserva para disfrutar de la mejor comida tradicional catalana y mediterr\u00e1nea de Barcelona y de nuestras especialidades en caracoles y carnes.\" \/>\n<meta property=\"og:url\" content=\"https:\/\/cancargolbarcelona.com\/dev\/fr\/reserva-de-mesa\/\" \/>\n<meta property=\"og:site_name\" content=\"DEV - Can Cargol Barcelona\" \/>\n<meta property=\"article:modified_time\" content=\"2023-01-19T12:31:55+00:00\" \/>\n<meta name=\"twitter:card\" content=\"summary_large_image\" \/>\n<meta name=\"twitter:label1\" content=\"Dur\u00e9e de lecture estim\u00e9e\" \/>\n\t<meta name=\"twitter:data1\" content=\"1 minute\" \/>\n<script type=\"application\/ld+json\" class=\"yoast-schema-graph\">{\"@context\":\"https:\/\/schema.org\",\"@graph\":[{\"@type\":\"WebPage\",\"@id\":\"https:\/\/cancargolbarcelona.com\/dev\/fr\/reserva-de-mesa\/\",\"url\":\"https:\/\/cancargolbarcelona.com\/dev\/fr\/reserva-de-mesa\/\",\"name\":\"Can Cargol - Barcelona - Reserva de mesa\",\"isPartOf\":{\"@id\":\"https:\/\/cancargolbarcelona.com\/dev\/#website\"},\"datePublished\":\"2017-06-06T13:50:17+00:00\",\"dateModified\":\"2023-01-19T12:31:55+00:00\",\"description\":\"Haz una reserva para disfrutar de la mejor comida tradicional catalana y mediterr\u00e1nea de Barcelona y de nuestras especialidades en caracoles y carnes.\",\"breadcrumb\":{\"@id\":\"https:\/\/cancargolbarcelona.com\/dev\/fr\/reserva-de-mesa\/#breadcrumb\"},\"inLanguage\":\"fr-FR\",\"potentialAction\":[{\"@type\":\"ReadAction\",\"target\":[\"https:\/\/cancargolbarcelona.com\/dev\/fr\/reserva-de-mesa\/\"]}]},{\"@type\":\"BreadcrumbList\",\"@id\":\"https:\/\/cancargolbarcelona.com\/dev\/fr\/reserva-de-mesa\/#breadcrumb\",\"itemListElement\":[{\"@type\":\"ListItem\",\"position\":1,\"name\":\"Portada\",\"item\":\"https:\/\/cancargolbarcelona.com\/dev\/fr\/\"},{\"@type\":\"ListItem\",\"position\":2,\"name\":\"Reserva de mesa\"}]},{\"@type\":\"WebSite\",\"@id\":\"https:\/\/cancargolbarcelona.com\/dev\/#website\",\"url\":\"https:\/\/cancargolbarcelona.com\/dev\/\",\"name\":\"DEV - Can Cargol Barcelona\",\"description\":\"DEV - Can Cargol Barcelona\",\"potentialAction\":[{\"@type\":\"SearchAction\",\"target\":{\"@type\":\"EntryPoint\",\"urlTemplate\":\"https:\/\/cancargolbarcelona.com\/dev\/?s={search_term_string}\"},\"query-input\":\"required name=search_term_string\"}],\"inLanguage\":\"fr-FR\"}]}<\/script>\n<!-- \/ Yoast SEO plugin. -->","yoast_head_json":{"title":"Can Cargol - Barcelona - Reserva de mesa","description":"Haz una reserva para disfrutar de la mejor comida tradicional catalana y mediterr\u00e1nea de Barcelona y de nuestras especialidades en caracoles y carnes.","robots":{"index":"noindex","follow":"follow","max-snippet":"max-snippet:-1","max-image-preview":"max-image-preview:large","max-video-preview":"max-video-preview:-1"},"og_locale":"fr_FR","og_type":"article","og_title":"Can Cargol - Barcelona - Reserva de mesa","og_description":"Haz una reserva para disfrutar de la mejor comida tradicional catalana y mediterr\u00e1nea de Barcelona y de nuestras especialidades en caracoles y carnes.","og_url":"https:\/\/cancargolbarcelona.com\/dev\/fr\/reserva-de-mesa\/","og_site_name":"DEV - Can Cargol Barcelona","article_modified_time":"2023-01-19T12:31:55+00:00","twitter_card":"summary_large_image","twitter_misc":{"Dur\u00e9e de lecture estim\u00e9e":"1 minute"},"schema":{"@context":"https:\/\/schema.org","@graph":[{"@type":"WebPage","@id":"https:\/\/cancargolbarcelona.com\/dev\/fr\/reserva-de-mesa\/","url":"https:\/\/cancargolbarcelona.com\/dev\/fr\/reserva-de-mesa\/","name":"Can Cargol - Barcelona - Reserva de mesa","isPartOf":{"@id":"https:\/\/cancargolbarcelona.com\/dev\/#website"},"datePublished":"2017-06-06T13:50:17+00:00","dateModified":"2023-01-19T12:31:55+00:00","description":"Haz una reserva para disfrutar de la mejor comida tradicional catalana y mediterr\u00e1nea de Barcelona y de nuestras especialidades en caracoles y carnes.","breadcrumb":{"@id":"https:\/\/cancargolbarcelona.com\/dev\/fr\/reserva-de-mesa\/#breadcrumb"},"inLanguage":"fr-FR","potentialAction":[{"@type":"ReadAction","target":["https:\/\/cancargolbarcelona.com\/dev\/fr\/reserva-de-mesa\/"]}]},{"@type":"BreadcrumbList","@id":"https:\/\/cancargolbarcelona.com\/dev\/fr\/reserva-de-mesa\/#breadcrumb","itemListElement":[{"@type":"ListItem","position":1,"name":"Portada","item":"https:\/\/cancargolbarcelona.com\/dev\/fr\/"},{"@type":"ListItem","position":2,"name":"Reserva de mesa"}]},{"@type":"WebSite","@id":"https:\/\/cancargolbarcelona.com\/dev\/#website","url":"https:\/\/cancargolbarcelona.com\/dev\/","name":"DEV - Can Cargol Barcelona","description":"DEV - Can Cargol Barcelona","potentialAction":[{"@type":"SearchAction","target":{"@type":"EntryPoint","urlTemplate":"https:\/\/cancargolbarcelona.com\/dev\/?s={search_term_string}"},"query-input":"required name=search_term_string"}],"inLanguage":"fr-FR"}]}},"_links":{"self":[{"href":"https:\/\/cancargolbarcelona.com\/dev\/fr\/wp-json\/wp\/v2\/pages\/1066"}],"collection":[{"href":"https:\/\/cancargolbarcelona.com\/dev\/fr\/wp-json\/wp\/v2\/pages"}],"about":[{"href":"https:\/\/cancargolbarcelona.com\/dev\/fr\/wp-json\/wp\/v2\/types\/page"}],"author":[{"embeddable":true,"href":"https:\/\/cancargolbarcelona.com\/dev\/fr\/wp-json\/wp\/v2\/users\/1"}],"replies":[{"embeddable":true,"href":"https:\/\/cancargolbarcelona.com\/dev\/fr\/wp-json\/wp\/v2\/comments?post=1066"}],"version-history":[{"count":5,"href":"https:\/\/cancargolbarcelona.com\/dev\/fr\/wp-json\/wp\/v2\/pages\/1066\/revisions"}],"predecessor-version":[{"id":1975,"href":"https:\/\/cancargolbarcelona.com\/dev\/fr\/wp-json\/wp\/v2\/pages\/1066\/revisions\/1975"}],"wp:attachment":[{"href":"https:\/\/cancargolbarcelona.com\/dev\/fr\/wp-json\/wp\/v2\/media?parent=1066"}],"curies":[{"name":"wp","href":"https:\/\/api.w.org\/{rel}","templated":true}]}}