{"id":727,"date":"2017-06-12T13:15:55","date_gmt":"2017-06-12T11:15:55","guid":{"rendered":"https:\/\/cancargolbarcelona.com\/?page_id=727\/"},"modified":"2017-07-20T13:06:10","modified_gmt":"2017-07-20T11:06:10","slug":"aviso-legal","status":"publish","type":"page","link":"https:\/\/cancargolbarcelona.com\/dev\/es\/aviso-legal\/","title":{"rendered":"Aviso legal"},"content":{"rendered":"<div  class=\"one withsmallpadding ppb_text\" style=\"padding:30px 0 30px 0;\" >\n<div class=\"standard_wrapper\">\n<div class=\"page_content_wrapper\">\n<div class=\"inner\">\n<div style=\"margin:auto;width:100%\">\n<ol>\n<li><strong> Informaci\u00f3n Corporativa<\/strong><\/li>\n<\/ol>\n<p>En virtud de las obligaciones establecidas por la Ley 34\/2002, de Servicios de la Sociedad de la Informaci\u00f3n y de Comercio Electr\u00f3nico, le informamos que el presente sitio web es propiedad de MIFALIA SL, con C.I.F. B58828450, con domicilio en C\/ Valencia, 324 (08009 Barcelona)\u00a0y con los siguientes datos de contacto: 934589631\u00a0\/ 324cancargol@gmail.com.<\/p>\n<p>Esta sociedad consta inscrita en el Registro Mercantil de Barcelona\u00a0con los siguientes datos registrales: Tomo 10735, libro 9701, secci\u00f3n 2, folio 199, hoja n\u00famero 126838.<\/p>\n<ol start=\"2\">\n<li><strong> Protecci\u00f3n de Contenidos<\/strong><\/li>\n<\/ol>\n<p>El usuario reconoce y acepta que todos los derechos de propiedad industrial e intelectual sobre los contenidos y\/o cualesquiera otros elementos insertados por\u00a0<span style=\"font-weight: normal; font-style: normal;\">MIFALIA SL<\/span>\u00a0en el presente Sitio Web (incluyendo, a t\u00edtulo meramente enunciativo y no limitativo, todos aquellos elementos que conforman la apariencia visual, imagen gr\u00e1fica y otros est\u00edmulos sensoriales del sitio web o &#8220;look and feel&#8221;: marcas, logotipos, nombres comerciales, textos, im\u00e1genes, gr\u00e1ficos, dise\u00f1os, sonidos, bases de datos, software, diagramas de flujo, presentaci\u00f3n, arquitectura de navegaci\u00f3n, as\u00ed como los c\u00f3digos fuente de las p\u00e1ginas web) pertenecen a\u00a0<span style=\"font-weight: normal; font-style: normal;\">MIFALIA SL<\/span>\u00a0y\/o a terceros a los cuales les han cedido sus derechos.<\/p>\n<p>En ning\u00fan caso el acceso al Sitio Web implica alg\u00fan tipo de permiso, renuncia, transmisi\u00f3n, licencia o cesi\u00f3n total ni parcial de dichos derechos por parte de sus titulares, salvo que se establezca expresamente lo contrario. Los presentes t\u00e9rminos y condiciones de uso del Sitio Web no confieren a los USUARIOS ning\u00fan otro derecho de utilizaci\u00f3n, alteraci\u00f3n, explotaci\u00f3n, reproducci\u00f3n, distribuci\u00f3n o comunicaci\u00f3n p\u00fablica del Sitio Web y\/o de sus contenidos distintos de los aqu\u00ed expresamente previstos.<\/p>\n<p>Queda terminantemente prohibida la utilizaci\u00f3n de tales elementos, su total o parcial reproducci\u00f3n, comunicaci\u00f3n y\/o distribuci\u00f3n con fines comerciales o lucrativos, as\u00ed como su modificaci\u00f3n, alteraci\u00f3n, descompilaci\u00f3n y\/o cualquier otro acto de explotaci\u00f3n del Sitio Web.<\/p>\n<p>Sin perjuicio de todo lo anterior, si el Usuario o un tercero estima que alg\u00fan contenido del Sitio Web pudiera vulnerar derechos de propiedad intelectual e industrial, rogamos as\u00ed lo pongan en nuestro conocimiento a la mayor brevedad posible.<\/p>\n<ol start=\"3\">\n<li><strong> Acceso y Uso del Sitio Web<\/strong><\/li>\n<\/ol>\n<p>Tanto el acceso al Sitio Web como el uso no consentido que pueda efectuarse de la informaci\u00f3n contenida en el mismo es de la exclusiva responsabilidad de quien lo realiza.<\/p>\n<p>El usuario se compromete a utilizar los contenidos, informaci\u00f3n y datos del Sitio Web de conformidad con las presentes condiciones, t\u00e9rminos y pol\u00edticas, con la normativa de aplicaci\u00f3n y con las buenas costumbres generalmente aceptadas y el orden p\u00fablico.<\/p>\n<p>El usuario se obliga a abstenerse de utilizar los contenidos del Sitio Web con fines o efectos il\u00edcitos, prohibidos o contrarios a los aqu\u00ed establecidos, lesivos de los derechos e intereses de\u00a0<span style=\"font-weight: normal; font-style: normal;\">MIFALIA SL<\/span>, de los dem\u00e1s usuarios, de terceros o que de cualquier forma puedan da\u00f1ar, inutilizar, sobrecargar o deteriorar el presente Sitio Web o impedir la normal utilizaci\u00f3n o disfrute del mismo por parte de los usuarios.<\/p>\n<p><span style=\"font-weight: normal; font-style: normal;\">MIFALIA SL<\/span> no responder\u00e1 de ninguna consecuencia, da\u00f1o o perjuicio que pudiera derivarse de dicho acceso o uso o del incumplimiento de las presentes condiciones, t\u00e9rminos y pol\u00edticas ni se har\u00e1 responsable de los errores de seguridad que se puedan producir ni de los da\u00f1os que puedan causarse al sistema inform\u00e1tico del usuario (hardware y software) o a los ficheros o documentos almacenados en el mismo como consecuencia de: (i) la presencia de un virus en el ordenador del usuario que sea utilizado para la conexi\u00f3n a los servicios y\/o productos ofrecidos por\u00a0<span style=\"font-weight: normal; font-style: normal;\">MIFALIA SL<\/span>\u00a0a trav\u00e9s de su Sitio Web; (ii) un mal funcionamiento del navegador; (iii) el uso de versiones no actualizadas del mismo.<\/p>\n<ol start=\"4\">\n<li><strong> Enlaces a terceros<\/strong><\/li>\n<\/ol>\n<p>En el presente Sitio Web se pueden utilizar enlaces con otras p\u00e1ginas o sitios web.\u00a0<span style=\"font-weight: normal; font-style: normal;\">MIFALIA SL<\/span>\u00a0no se responsabiliza ni del contenido ni de las medidas de seguridad adoptadas por cualquier otra p\u00e1gina o sitio web a trav\u00e9s del cual se tiene acceso desde el presente Sitio Web, sitios a los que accede el interesado bajo su exclusiva responsabilidad.<\/p>\n<p>Asimismo, tampoco se garantiza la ausencia de virus u otros elementos en los contenidos enlazados desde el Sitio Web de\u00a0<span style=\"font-weight: normal; font-style: normal;\">MIFALIA SL<\/span>\u00a0que puedan producir alteraciones en el sistema inform\u00e1tico (hardware y software) y\/o en los documentos o los ficheros del Usuario, excluyendo asimismo a\u00a0<span style=\"font-weight: normal; font-style: normal;\">MIFALIA SL<\/span>\u00a0de toda responsabilidad derivada de los da\u00f1os de cualquier \u00edndole ocasionados por todo lo anterior.<\/p>\n<ol start=\"5\">\n<li><strong> Redes sociales<\/strong><\/li>\n<\/ol>\n<p>Le informamos de que\u00a0<span style=\"font-weight: normal; font-style: normal;\">MIFALIA SL<\/span>\u00a0puede tener presencia en redes sociales. El tratamiento de los datos que se lleve a cabo de las personas que se hagan seguidoras en las redes sociales (y\/o realicen cualquier v\u00ednculo o acci\u00f3n de conexi\u00f3n a trav\u00e9s de las redes sociales) de las p\u00e1ginas oficiales de\u00a0<span style=\"font-weight: normal; font-style: normal;\">MIFALIA SL<\/span>\u00a0se regir\u00e1 por este apartado, as\u00ed como por aquellas condiciones de uso, pol\u00edticas de privacidad y normativas de acceso que pertenezcan a la red social que proceda en cada caso y aceptadas previamente por el usuario.<\/p>\n<p><span style=\"font-weight: normal; font-style: normal;\">MIFALIA SL<\/span> tratar\u00e1 sus datos con las finalidades de administrar correctamente su presencia en la red social, inform\u00e1ndole de actividades productos o servicios de\u00a0<span style=\"font-weight: normal; font-style: normal;\">MIFALIA SL<\/span>, as\u00ed como para cualquier otra finalidad que las normativas de las Redes Sociales permitan.<\/p>\n<p>Queda prohibida la publicaci\u00f3n de contenidos:<\/p>\n<p>&#8211; Que sean presuntamente il\u00edcitos por la normativa nacional, comunitaria o internacional o que realicen actividades presuntamente il\u00edcitas o contravengan los principios de la buena fe.<\/p>\n<p>&#8211; Que atenten contra los derechos fundamentales de las personas, falten a la cortes\u00eda en la red, molesten o puedan generar opiniones negativas en nuestros usuarios o terceros y en general cualesquiera sean los contenidos que\u00a0<span style=\"font-weight: normal; font-style: normal;\">MIFALIA SL<\/span>\u00a0considere no apropiados.<\/p>\n<p>&#8211; Y en general que contravengan los principios de legalidad, honradez, responsabilidad, protecci\u00f3n de la dignidad humana, protecci\u00f3n de menores, protecci\u00f3n del orden p\u00fablico, la protecci\u00f3n de la vida privada, la protecci\u00f3n del consumidor y los derechos de propiedad intelectual e industrial.<\/p>\n<p>Asimismo,\u00a0<span style=\"font-weight: normal; font-style: normal;\">MIFALIA SL<\/span>\u00a0se reserva la potestad de retirar, sin previo aviso del sitio web o de la red social corporativa aquellos contenidos que se consideren no apropiados.<\/p>\n<ol start=\"6\">\n<li><strong> Modificaci\u00f3n de AVISO LEGAL, Pol\u00edtica de Privacidad y de Protecci\u00f3n de Datos. <\/strong><\/li>\n<\/ol>\n<p>El Responsable del Fichero se reserva el derecho a modificar en todo momento y sin previo aviso las presentes condiciones, t\u00e9rminos y pol\u00edticas de privacidad para adaptarlas a las novedades legislativas o jurisprudenciales as\u00ed como a las modificaciones o pr\u00e1cticas de la industria, debiendo el usuario consultar peri\u00f3dicamente las presentes condiciones, t\u00e9rminos y pol\u00edticas a fin de comprobar o cerciorarse de la existencia de cambios en las mismas, tomando como referencia la fecha de la \u00faltima actualizaci\u00f3n.<\/p>\n<\/div>\n<\/div>\n<\/div>\n<\/div>\n<\/div>\n","protected":false},"excerpt":{"rendered":"<p>Informaci\u00f3n Corporativa En virtud de las obligaciones establecidas por la Ley 34\/2002, de Servicios de la Sociedad de la Informaci\u00f3n y de Comercio Electr\u00f3nico, le informamos que el presente sitio web es propiedad de MIFALIA SL, con C.I.F. B58828450, con [&hellip;]<\/p>\n","protected":false},"author":1,"featured_media":0,"parent":0,"menu_order":0,"comment_status":"closed","ping_status":"closed","template":"","meta":[],"yoast_head":"<!-- This site is optimized with the Yoast SEO plugin v19.14 - https:\/\/yoast.com\/wordpress\/plugins\/seo\/ -->\n<title>Aviso legal - DEV - Can Cargol Barcelona<\/title>\n<meta name=\"robots\" content=\"noindex, nofollow\" \/>\n<meta property=\"og:locale\" content=\"es_ES\" \/>\n<meta property=\"og:type\" content=\"article\" \/>\n<meta property=\"og:title\" content=\"Aviso legal - DEV - Can Cargol Barcelona\" \/>\n<meta property=\"og:description\" content=\"Informaci\u00f3n Corporativa En virtud de las obligaciones establecidas por la Ley 34\/2002, de Servicios de la Sociedad de la Informaci\u00f3n y de Comercio Electr\u00f3nico, le informamos que el presente sitio web es propiedad de MIFALIA SL, con C.I.F. B58828450, con [&hellip;]\" \/>\n<meta property=\"og:url\" content=\"https:\/\/cancargolbarcelona.com\/dev\/aviso-legal\/\" \/>\n<meta property=\"og:site_name\" content=\"DEV - Can Cargol Barcelona\" \/>\n<meta property=\"article:modified_time\" content=\"2017-07-20T11:06:10+00:00\" \/>\n<meta name=\"twitter:card\" content=\"summary_large_image\" \/>\n<meta name=\"twitter:label1\" content=\"Tiempo de lectura\" \/>\n\t<meta name=\"twitter:data1\" content=\"6 minutos\" \/>\n<script type=\"application\/ld+json\" class=\"yoast-schema-graph\">{\"@context\":\"https:\/\/schema.org\",\"@graph\":[{\"@type\":\"WebPage\",\"@id\":\"https:\/\/cancargolbarcelona.com\/dev\/aviso-legal\/\",\"url\":\"https:\/\/cancargolbarcelona.com\/dev\/aviso-legal\/\",\"name\":\"Aviso legal - DEV - Can Cargol Barcelona\",\"isPartOf\":{\"@id\":\"https:\/\/cancargolbarcelona.com\/dev\/#website\"},\"datePublished\":\"2017-06-12T11:15:55+00:00\",\"dateModified\":\"2017-07-20T11:06:10+00:00\",\"breadcrumb\":{\"@id\":\"https:\/\/cancargolbarcelona.com\/dev\/aviso-legal\/#breadcrumb\"},\"inLanguage\":\"es\",\"potentialAction\":[{\"@type\":\"ReadAction\",\"target\":[\"https:\/\/cancargolbarcelona.com\/dev\/aviso-legal\/\"]}]},{\"@type\":\"BreadcrumbList\",\"@id\":\"https:\/\/cancargolbarcelona.com\/dev\/aviso-legal\/#breadcrumb\",\"itemListElement\":[{\"@type\":\"ListItem\",\"position\":1,\"name\":\"Portada\",\"item\":\"https:\/\/cancargolbarcelona.com\/dev\/\"},{\"@type\":\"ListItem\",\"position\":2,\"name\":\"Aviso legal\"}]},{\"@type\":\"WebSite\",\"@id\":\"https:\/\/cancargolbarcelona.com\/dev\/#website\",\"url\":\"https:\/\/cancargolbarcelona.com\/dev\/\",\"name\":\"DEV - Can Cargol Barcelona\",\"description\":\"DEV - Can Cargol Barcelona\",\"potentialAction\":[{\"@type\":\"SearchAction\",\"target\":{\"@type\":\"EntryPoint\",\"urlTemplate\":\"https:\/\/cancargolbarcelona.com\/dev\/?s={search_term_string}\"},\"query-input\":\"required name=search_term_string\"}],\"inLanguage\":\"es\"}]}<\/script>\n<!-- \/ Yoast SEO plugin. -->","yoast_head_json":{"title":"Aviso legal - DEV - Can Cargol Barcelona","robots":{"index":"noindex","follow":"nofollow"},"og_locale":"es_ES","og_type":"article","og_title":"Aviso legal - DEV - Can Cargol Barcelona","og_description":"Informaci\u00f3n Corporativa En virtud de las obligaciones establecidas por la Ley 34\/2002, de Servicios de la Sociedad de la Informaci\u00f3n y de Comercio Electr\u00f3nico, le informamos que el presente sitio web es propiedad de MIFALIA SL, con C.I.F. B58828450, con [&hellip;]","og_url":"https:\/\/cancargolbarcelona.com\/dev\/aviso-legal\/","og_site_name":"DEV - Can Cargol Barcelona","article_modified_time":"2017-07-20T11:06:10+00:00","twitter_card":"summary_large_image","twitter_misc":{"Tiempo de lectura":"6 minutos"},"schema":{"@context":"https:\/\/schema.org","@graph":[{"@type":"WebPage","@id":"https:\/\/cancargolbarcelona.com\/dev\/aviso-legal\/","url":"https:\/\/cancargolbarcelona.com\/dev\/aviso-legal\/","name":"Aviso legal - DEV - Can Cargol Barcelona","isPartOf":{"@id":"https:\/\/cancargolbarcelona.com\/dev\/#website"},"datePublished":"2017-06-12T11:15:55+00:00","dateModified":"2017-07-20T11:06:10+00:00","breadcrumb":{"@id":"https:\/\/cancargolbarcelona.com\/dev\/aviso-legal\/#breadcrumb"},"inLanguage":"es","potentialAction":[{"@type":"ReadAction","target":["https:\/\/cancargolbarcelona.com\/dev\/aviso-legal\/"]}]},{"@type":"BreadcrumbList","@id":"https:\/\/cancargolbarcelona.com\/dev\/aviso-legal\/#breadcrumb","itemListElement":[{"@type":"ListItem","position":1,"name":"Portada","item":"https:\/\/cancargolbarcelona.com\/dev\/"},{"@type":"ListItem","position":2,"name":"Aviso legal"}]},{"@type":"WebSite","@id":"https:\/\/cancargolbarcelona.com\/dev\/#website","url":"https:\/\/cancargolbarcelona.com\/dev\/","name":"DEV - Can Cargol Barcelona","description":"DEV - Can Cargol Barcelona","potentialAction":[{"@type":"SearchAction","target":{"@type":"EntryPoint","urlTemplate":"https:\/\/cancargolbarcelona.com\/dev\/?s={search_term_string}"},"query-input":"required name=search_term_string"}],"inLanguage":"es"}]}},"_links":{"self":[{"href":"https:\/\/cancargolbarcelona.com\/dev\/es\/wp-json\/wp\/v2\/pages\/727"}],"collection":[{"href":"https:\/\/cancargolbarcelona.com\/dev\/es\/wp-json\/wp\/v2\/pages"}],"about":[{"href":"https:\/\/cancargolbarcelona.com\/dev\/es\/wp-json\/wp\/v2\/types\/page"}],"author":[{"embeddable":true,"href":"https:\/\/cancargolbarcelona.com\/dev\/es\/wp-json\/wp\/v2\/users\/1"}],"replies":[{"embeddable":true,"href":"https:\/\/cancargolbarcelona.com\/dev\/es\/wp-json\/wp\/v2\/comments?post=727"}],"version-history":[{"count":9,"href":"https:\/\/cancargolbarcelona.com\/dev\/es\/wp-json\/wp\/v2\/pages\/727\/revisions"}],"predecessor-version":[{"id":770,"href":"https:\/\/cancargolbarcelona.com\/dev\/es\/wp-json\/wp\/v2\/pages\/727\/revisions\/770"}],"wp:attachment":[{"href":"https:\/\/cancargolbarcelona.com\/dev\/es\/wp-json\/wp\/v2\/media?parent=727"}],"curies":[{"name":"wp","href":"https:\/\/api.w.org\/{rel}","templated":true}]}}