{"id":718,"date":"2017-06-12T09:43:18","date_gmt":"2017-06-12T07:43:18","guid":{"rendered":"https:\/\/cancargolbarcelona.com\/?page_id=718\/"},"modified":"2017-07-20T13:07:04","modified_gmt":"2017-07-20T11:07:04","slug":"politica-de-cookies","status":"publish","type":"page","link":"https:\/\/cancargolbarcelona.com\/dev\/es\/politica-de-cookies\/","title":{"rendered":"Pol\u00edtica de cookies"},"content":{"rendered":"<div  class=\"one withsmallpadding ppb_text\" style=\"padding:30px 0 30px 0;\" >\n<div class=\"standard_wrapper\">\n<div class=\"page_content_wrapper\">\n<div class=\"inner\">\n<div style=\"margin:auto;width:100%\">\n<p>Esta p\u00e1gina web usa cookies para mejorar la experiencia del usuario. A continuaci\u00f3n, encontrar\u00e1 informaci\u00f3n sobre qu\u00e9 son las cookies, qu\u00e9 tipo de cookies utiliza esta p\u00e1gina, c\u00f3mo puede desactivar las cookies en su navegador y c\u00f3mo desactivar espec\u00edficamente la instalaci\u00f3n de cookies de terceros. Si no encuentra la informaci\u00f3n espec\u00edfica que usted est\u00e1 buscando, por favor env\u00ede un correo a info@tamatalogistica.com.<\/p>\n<p><strong>\u00bfQu\u00e9 son las cookies?<\/strong><\/p>\n<p>Las cookies son peque\u00f1os archivos que algunas plataformas, como las p\u00e1ginas web, pueden instalar en su ordenador, smartphone, tableta o televisi\u00f3n conectada. Sus funciones pueden ser muy variadas: almacenar sus preferencias de navegaci\u00f3n, recopilar informaci\u00f3n estad\u00edstica, permitir ciertas funcionalidades t\u00e9cnicas, etc.<\/p>\n<p><strong>\u00bfPor qu\u00e9 las utilizamos?<\/strong><\/p>\n<p>Las cookies son \u00fatiles por varios motivos. Desde un punto de vista t\u00e9cnico, permiten que las p\u00e1ginas web funcionen de forma m\u00e1s \u00e1gil y adaptada a sus preferencias, como por ejemplo almacenar su idioma o la moneda de su pa\u00eds. Adem\u00e1s, ayudan a los responsables de los sitios web a mejorar los servicios que ofrecen, gracias a la informaci\u00f3n estad\u00edstica que recogen a trav\u00e9s de ellas y sirven para hacer m\u00e1s eficiente la publicidad que le podemos mostrar.<\/p>\n<p><strong>\u00bfQu\u00e9 uso le damos a los diferentes tipos de cookies?<\/strong><\/p>\n<p><strong>Cookies de sesi\u00f3n:<\/strong> Las cookies de sesi\u00f3n son aquellas que duran el tiempo que el usuario est\u00e1 navegando por la p\u00e1gina web y se borran al t\u00e9rmino.<\/p>\n<p><strong>Cookies persistentes:<\/strong> Estas cookies quedan almacenadas en el terminal del usuario por un tiempo m\u00e1s largo, facilitando as\u00ed el control de las preferencias elegidas sin tener que repetir ciertos par\u00e1metros cada vez que se visite el sitio web.<\/p>\n<p><strong>Cookies propias:<\/strong> Son cookies creadas por este sitio web y que solo puede leer el propio sitio. Por ejemplo: cookies t\u00e9cnicas para la carga de im\u00e1genes, cookies de personalizaci\u00f3n de par\u00e1metros de la web, cookies de an\u00e1lisis de tr\u00e1fico, etc.<\/p>\n<p><strong>Cookies de terceros:<\/strong> Son cookies creadas por terceros y que utilizamos para diferentes servicios (por ej. An\u00e1lisis del sitio web o publicidad).<\/p>\n<p>Seg\u00fan su finalidad:<\/p>\n<p><strong>Cookies t\u00e9cnicas:<\/strong> Las cookies t\u00e9cnicas son aquellas imprescindibles y estrictamente necesarias para el correcto funcionamiento de un portal Web y la utilizaci\u00f3n de las diferentes opciones y servicios que ofrece. Por ejemplo, las que sirven para el mantenimiento de la sesi\u00f3n, la gesti\u00f3n del tiempo de respuesta, rendimiento o validaci\u00f3n de opciones, utilizar elementos de seguridad, compartir contenido con redes sociales, etc.<\/p>\n<p><strong>Cookies de personalizaci\u00f3n:<\/strong> Estas cookies permiten al usuario especificar o personalizar algunas caracter\u00edsticas de las opciones generales de la p\u00e1gina Web. Por ejemplo, definir el idioma, configuraci\u00f3n regional o tipo de navegador.<\/p>\n<p><strong>Cookies anal\u00edticas:<\/strong> Las cookies anal\u00edticas son las utilizadas por nuestro portal Web, para elaborar perfiles de navegaci\u00f3n y poder conocer las preferencias de los usuarios del mismo con el fin de mejorar la oferta de productos y servicios. Por ejemplo, mediante una cookie anal\u00edtica se controlar\u00edan las \u00e1reas geogr\u00e1ficas de mayor inter\u00e9s de un usuario, cu\u00e1l es el producto de m\u00e1s aceptaci\u00f3n, etc.<\/p>\n<p><strong>Cookies publicitarias:<\/strong> Las cookies publicitarias permiten la gesti\u00f3n de los espacios publicitarios en base a criterios concretos. Por ejemplo la frecuencia de acceso, el contenido editado, etc. Las cookies de publicidad permiten a trav\u00e9s de la gesti\u00f3n de la publicidad almacenar informaci\u00f3n del comportamiento a trav\u00e9s de la observaci\u00f3n de h\u00e1bitos, estudiando los accesos y formando un perfil de preferencias del usuario, para ofrecerle publicidad relacionada con los intereses de su perfil.<\/p>\n<p><strong>\u00bfC\u00f3mo puedo cambiar la configuraci\u00f3n de las cookies?<\/strong><\/p>\n<p><a href=\"http:\/\/windows.microsoft.com\/es-es\/windows-vista\/block-or-allow-cookies\" target=\"_blank\">Configuraci\u00f3n de cookies de Internet Explorer<\/a><\/p>\n<p><a href=\"http:\/\/support.mozilla.org\/es\/kb\/habilitar-y-deshabilitar-cookies-que-los-sitios-we\" target=\"_blank\">Configuraci\u00f3n de cookies de Firefox<\/a><\/p>\n<p><a href=\"https:\/\/support.google.com\/chrome\/answer\/95647?hl=es\" target=\"_blank\">Configuraci\u00f3n de cookies de Google Chrome<\/a><\/p>\n<p><a href=\"http:\/\/support.apple.com\/kb\/HT1677?viewlocale=es_ES&#038;locale=es_ES\" target=\"_blank\">Configuraci\u00f3n de cookies de Safari<\/a><\/p>\n<p>Estos navegadores est\u00e1n sometidos a actualizaciones o modificaciones, por lo que no podemos garantizar que se ajusten completamente a la versi\u00f3n de su navegador. Tambi\u00e9n puede ser que utilice otro navegador no contemplado en estos enlaces como Konqueror, Arora, Flock, etc. Para evitar estos desajustes, puede acceder directamente desde las opciones de su navegador, generalmente en el men\u00fa de &#8220;Opciones&#8221; en la secci\u00f3n de &#8220;Privacidad&#8221;. (Por favor, consulte la ayuda de su navegador para m\u00e1s informaci\u00f3n).<\/p>\n<\/div>\n<\/div>\n<\/div>\n<\/div>\n<\/div>\n","protected":false},"excerpt":{"rendered":"<p>Esta p\u00e1gina web usa cookies para mejorar la experiencia del usuario. A continuaci\u00f3n, encontrar\u00e1 informaci\u00f3n sobre qu\u00e9 son las cookies, qu\u00e9 tipo de cookies utiliza esta p\u00e1gina, c\u00f3mo puede desactivar las cookies en su navegador y c\u00f3mo desactivar espec\u00edficamente la [&hellip;]<\/p>\n","protected":false},"author":1,"featured_media":0,"parent":0,"menu_order":0,"comment_status":"closed","ping_status":"closed","template":"","meta":[],"yoast_head":"<!-- This site is optimized with the Yoast SEO plugin v19.14 - https:\/\/yoast.com\/wordpress\/plugins\/seo\/ -->\n<title>Pol\u00edtica de cookies - DEV - Can Cargol Barcelona<\/title>\n<meta name=\"robots\" content=\"noindex, nofollow\" \/>\n<meta property=\"og:locale\" content=\"es_ES\" \/>\n<meta property=\"og:type\" content=\"article\" \/>\n<meta property=\"og:title\" content=\"Pol\u00edtica de cookies - DEV - Can Cargol Barcelona\" \/>\n<meta property=\"og:description\" content=\"Esta p\u00e1gina web usa cookies para mejorar la experiencia del usuario. A continuaci\u00f3n, encontrar\u00e1 informaci\u00f3n sobre qu\u00e9 son las cookies, qu\u00e9 tipo de cookies utiliza esta p\u00e1gina, c\u00f3mo puede desactivar las cookies en su navegador y c\u00f3mo desactivar espec\u00edficamente la [&hellip;]\" \/>\n<meta property=\"og:url\" content=\"https:\/\/cancargolbarcelona.com\/dev\/politica-de-cookies\/\" \/>\n<meta property=\"og:site_name\" content=\"DEV - Can Cargol Barcelona\" \/>\n<meta property=\"article:modified_time\" content=\"2017-07-20T11:07:04+00:00\" \/>\n<meta name=\"twitter:card\" content=\"summary_large_image\" \/>\n<meta name=\"twitter:label1\" content=\"Tiempo de lectura\" \/>\n\t<meta name=\"twitter:data1\" content=\"4 minutos\" \/>\n<script type=\"application\/ld+json\" class=\"yoast-schema-graph\">{\"@context\":\"https:\/\/schema.org\",\"@graph\":[{\"@type\":\"WebPage\",\"@id\":\"https:\/\/cancargolbarcelona.com\/dev\/politica-de-cookies\/\",\"url\":\"https:\/\/cancargolbarcelona.com\/dev\/politica-de-cookies\/\",\"name\":\"Pol\u00edtica de cookies - DEV - Can Cargol Barcelona\",\"isPartOf\":{\"@id\":\"https:\/\/cancargolbarcelona.com\/dev\/#website\"},\"datePublished\":\"2017-06-12T07:43:18+00:00\",\"dateModified\":\"2017-07-20T11:07:04+00:00\",\"breadcrumb\":{\"@id\":\"https:\/\/cancargolbarcelona.com\/dev\/politica-de-cookies\/#breadcrumb\"},\"inLanguage\":\"es\",\"potentialAction\":[{\"@type\":\"ReadAction\",\"target\":[\"https:\/\/cancargolbarcelona.com\/dev\/politica-de-cookies\/\"]}]},{\"@type\":\"BreadcrumbList\",\"@id\":\"https:\/\/cancargolbarcelona.com\/dev\/politica-de-cookies\/#breadcrumb\",\"itemListElement\":[{\"@type\":\"ListItem\",\"position\":1,\"name\":\"Portada\",\"item\":\"https:\/\/cancargolbarcelona.com\/dev\/\"},{\"@type\":\"ListItem\",\"position\":2,\"name\":\"Pol\u00edtica de cookies\"}]},{\"@type\":\"WebSite\",\"@id\":\"https:\/\/cancargolbarcelona.com\/dev\/#website\",\"url\":\"https:\/\/cancargolbarcelona.com\/dev\/\",\"name\":\"DEV - Can Cargol Barcelona\",\"description\":\"DEV - Can Cargol Barcelona\",\"potentialAction\":[{\"@type\":\"SearchAction\",\"target\":{\"@type\":\"EntryPoint\",\"urlTemplate\":\"https:\/\/cancargolbarcelona.com\/dev\/?s={search_term_string}\"},\"query-input\":\"required name=search_term_string\"}],\"inLanguage\":\"es\"}]}<\/script>\n<!-- \/ Yoast SEO plugin. -->","yoast_head_json":{"title":"Pol\u00edtica de cookies - DEV - Can Cargol Barcelona","robots":{"index":"noindex","follow":"nofollow"},"og_locale":"es_ES","og_type":"article","og_title":"Pol\u00edtica de cookies - DEV - Can Cargol Barcelona","og_description":"Esta p\u00e1gina web usa cookies para mejorar la experiencia del usuario. A continuaci\u00f3n, encontrar\u00e1 informaci\u00f3n sobre qu\u00e9 son las cookies, qu\u00e9 tipo de cookies utiliza esta p\u00e1gina, c\u00f3mo puede desactivar las cookies en su navegador y c\u00f3mo desactivar espec\u00edficamente la [&hellip;]","og_url":"https:\/\/cancargolbarcelona.com\/dev\/politica-de-cookies\/","og_site_name":"DEV - Can Cargol Barcelona","article_modified_time":"2017-07-20T11:07:04+00:00","twitter_card":"summary_large_image","twitter_misc":{"Tiempo de lectura":"4 minutos"},"schema":{"@context":"https:\/\/schema.org","@graph":[{"@type":"WebPage","@id":"https:\/\/cancargolbarcelona.com\/dev\/politica-de-cookies\/","url":"https:\/\/cancargolbarcelona.com\/dev\/politica-de-cookies\/","name":"Pol\u00edtica de cookies - DEV - Can Cargol Barcelona","isPartOf":{"@id":"https:\/\/cancargolbarcelona.com\/dev\/#website"},"datePublished":"2017-06-12T07:43:18+00:00","dateModified":"2017-07-20T11:07:04+00:00","breadcrumb":{"@id":"https:\/\/cancargolbarcelona.com\/dev\/politica-de-cookies\/#breadcrumb"},"inLanguage":"es","potentialAction":[{"@type":"ReadAction","target":["https:\/\/cancargolbarcelona.com\/dev\/politica-de-cookies\/"]}]},{"@type":"BreadcrumbList","@id":"https:\/\/cancargolbarcelona.com\/dev\/politica-de-cookies\/#breadcrumb","itemListElement":[{"@type":"ListItem","position":1,"name":"Portada","item":"https:\/\/cancargolbarcelona.com\/dev\/"},{"@type":"ListItem","position":2,"name":"Pol\u00edtica de cookies"}]},{"@type":"WebSite","@id":"https:\/\/cancargolbarcelona.com\/dev\/#website","url":"https:\/\/cancargolbarcelona.com\/dev\/","name":"DEV - Can Cargol Barcelona","description":"DEV - Can Cargol Barcelona","potentialAction":[{"@type":"SearchAction","target":{"@type":"EntryPoint","urlTemplate":"https:\/\/cancargolbarcelona.com\/dev\/?s={search_term_string}"},"query-input":"required name=search_term_string"}],"inLanguage":"es"}]}},"_links":{"self":[{"href":"https:\/\/cancargolbarcelona.com\/dev\/es\/wp-json\/wp\/v2\/pages\/718"}],"collection":[{"href":"https:\/\/cancargolbarcelona.com\/dev\/es\/wp-json\/wp\/v2\/pages"}],"about":[{"href":"https:\/\/cancargolbarcelona.com\/dev\/es\/wp-json\/wp\/v2\/types\/page"}],"author":[{"embeddable":true,"href":"https:\/\/cancargolbarcelona.com\/dev\/es\/wp-json\/wp\/v2\/users\/1"}],"replies":[{"embeddable":true,"href":"https:\/\/cancargolbarcelona.com\/dev\/es\/wp-json\/wp\/v2\/comments?post=718"}],"version-history":[{"count":7,"href":"https:\/\/cancargolbarcelona.com\/dev\/es\/wp-json\/wp\/v2\/pages\/718\/revisions"}],"predecessor-version":[{"id":774,"href":"https:\/\/cancargolbarcelona.com\/dev\/es\/wp-json\/wp\/v2\/pages\/718\/revisions\/774"}],"wp:attachment":[{"href":"https:\/\/cancargolbarcelona.com\/dev\/es\/wp-json\/wp\/v2\/media?parent=718"}],"curies":[{"name":"wp","href":"https:\/\/api.w.org\/{rel}","templated":true}]}}