{"id":10,"date":"2017-05-16T18:12:34","date_gmt":"2017-05-16T16:12:34","guid":{"rendered":"https:\/\/cancargolbarcelona.com\/?page_id=10\/"},"modified":"2017-07-20T12:52:52","modified_gmt":"2017-07-20T10:52:52","slug":"inicio","status":"publish","type":"page","link":"https:\/\/cancargolbarcelona.com\/dev\/es\/","title":{"rendered":"Inicio"},"content":{"rendered":"<div  class=\"one withsmallpadding ppb_text\" style=\"padding:30px 0 30px 0;\" >\n<div class=\"standard_wrapper\">\n<div class=\"page_content_wrapper\">\n<div class=\"inner\">\n<div style=\"margin:auto;width:100%\">\n<h2 style=\"font-size: 30px; text-transform: uppercase; letter-spacing: -1px; font-weight: 300;\">El restaurante<\/h2>\n<div class=\"post_detail\"><\/div>\n<div class=\"post_detail\">Desde 1997 estamos a su servicio ofreci\u00e9ndoles nuestras especialidades en caracoles y cocina tradicional mediterr\u00e1nea (verduras, carnes y postres) en un ambiente familiar y distendido.<\/div>\n<div class=\"post_detail\">Disponemos de una parrilla de carb\u00f3n vegetal donde elaboramos algunas especialidades de nuestra NUEVA carta, como las carnes, quesos, verduras, etc.<\/div>\n<div class=\"post_detail\"><\/div>\n<\/div>\n<\/div>\n<\/div>\n<\/div>\n<\/div>\n<div  class=\"one withsmallpadding ppb_content_half_bg \" style=\"padding:30px 0 30px 0;\" >\n<div class=\"standard_wrapper\">\n<div class=\"page_content_wrapper\">\n<div class=\"inner\">\n<div class=\"one_half_bg floatright\" style=\"background:#ffffff;background:rgb(255,255,255,1);background:rgba(255,255,255,1);\">\n<h2 style=\"font-size: 30px; text-transform: uppercase; letter-spacing: -1px; font-weight: 300;\">Bienvenidos<\/h2>\n<div class=\"post_detail\"><\/div>\n<div class=\"post_detail\">Les damos la bienvenida para que puedan disfrutar de nuestras instalaciones, as\u00ed como de la NUEVA carta y su variedad de platos.<\/div>\n<div class=\"post_detail\">Esperamos poder atenderles y hacer que su visita sea lo m\u00e1s agradable posible.<\/div>\n<p><span style=\"font-family: Kristi; font-size: 40px; font-weight: 400;\">El equipo de Can Cargol<\/span><\/p>\n<\/div>\n<\/div>\n<\/div>\n<\/div>\n<\/div>\n<div  class=\"one withsmallpadding ppb_text\" style=\"padding:30px 0 30px 0;\" >\n<div class=\"standard_wrapper\">\n<div class=\"page_content_wrapper\">\n<div class=\"inner\">\n<div style=\"margin:auto;width:100%\">\n<h2 style=\"font-size: 30px; text-transform: uppercase; letter-spacing: -1px; font-weight: 300; text-align: center;\">Nuestra especialidad. Los caracoles<\/h2>\n<\/div>\n<\/div>\n<\/div>\n<\/div>\n<\/div>\n<div  class=\"ppb_menu_multiple one nopadding \" style=\"padding:0px 0 0px 0;\" >\n<div class=\"page_content_wrapper fullwidth\">Please select at least 1 menu category.<\/div>\n<\/div>\n<div  class=\"one withsmallpadding ppb_text\" style=\"padding:30px 0 30px 0;\" >\n<div class=\"standard_wrapper\">\n<div class=\"page_content_wrapper\">\n<div class=\"inner\">\n<div style=\"margin:auto;width:100%\">\n<p style=\"text-align: center;\">NUESTRA ESPECIALIDAD SON LOS CARACOLES, PERO TENEMOS MUCHO M\u00c1S QUE OFRECERLES.<\/p>\n<p style=\"text-align: center;\"><a class=\"button small \" onclick=\"window.open('\/carta-de-comidas\/', '_self')\">Ver la carta completa<\/a><\/p>\n<\/div>\n<\/div>\n<\/div>\n<\/div>\n<\/div>\n<div  class=\"one withsmallpadding ppb_text\" style=\"padding:30px 0 30px 0;\" >\n<div class=\"standard_wrapper\">\n<div class=\"page_content_wrapper\">\n<div class=\"inner\">\n<div style=\"margin:auto;width:100%\">\n<p style=\"text-align: center;\">\n<hr class=\"faded\"\/>\n<\/div>\n<\/div>\n<\/div>\n<\/div>\n<\/div>\n<div  class=\"one withsmallpadding ppb_text\" style=\"padding:30px 0 30px 0;\" >\n<div class=\"standard_wrapper\">\n<div class=\"page_content_wrapper\">\n<div class=\"inner\">\n<div style=\"margin:auto;width:100%\">\n<h2 style=\"font-size: 30px; text-transform: uppercase; letter-spacing: -1px; font-weight: 300; text-align: center;\">Las opiniones de nuestros clientes<\/h2>\n<\/div>\n<\/div>\n<\/div>\n<\/div>\n<\/div>\n<div  class=\"one withsmallpadding ppb_text\" style=\"padding:30px 0 30px 0;\" >\n<div class=\"standard_wrapper\">\n<div class=\"page_content_wrapper\">\n<div class=\"inner\">\n<div style=\"margin:auto;width:100%\">\n<h2 style=\"font-size: 30px; text-transform: uppercase; letter-spacing: -1px; font-weight: 300; text-align: center;\">Las opiniones de nuestros clientes<\/h2>\n<\/div>\n<\/div>\n<\/div>\n<\/div>\n<\/div>\n","protected":false},"excerpt":{"rendered":"<p>El restaurante Desde 1997 estamos a su servicio ofreci\u00e9ndoles nuestras especialidades en caracoles y cocina tradicional mediterr\u00e1nea (verduras, carnes y postres) en un ambiente familiar y distendido. Disponemos de una parrilla de carb\u00f3n vegetal donde elaboramos algunas especialidades de nuestra [&hellip;]<\/p>\n","protected":false},"author":1,"featured_media":0,"parent":0,"menu_order":0,"comment_status":"closed","ping_status":"closed","template":"","meta":[],"yoast_head":"<!-- This site is optimized with the Yoast SEO plugin v19.14 - https:\/\/yoast.com\/wordpress\/plugins\/seo\/ -->\n<title>Can Cargol - Barcelona<\/title>\n<meta name=\"description\" content=\"Restaurante de comida tradicional catalana y mediterr\u00e1nea en el centro de Barcelona. Especialidad en caracoles y carnes a la brasa.\" \/>\n<meta name=\"robots\" content=\"noindex, follow, max-snippet:-1, max-image-preview:large, max-video-preview:-1\" \/>\n<meta property=\"og:locale\" content=\"es_ES\" \/>\n<meta property=\"og:type\" content=\"article\" \/>\n<meta property=\"og:title\" content=\"Can Cargol - Barcelona\" \/>\n<meta property=\"og:description\" content=\"Restaurante de comida tradicional catalana y mediterr\u00e1nea en el centro de Barcelona. Especialidad en caracoles y carnes a la brasa.\" \/>\n<meta property=\"og:url\" content=\"https:\/\/cancargolbarcelona.com\/dev\/\" \/>\n<meta property=\"og:site_name\" content=\"DEV - Can Cargol Barcelona\" \/>\n<meta property=\"article:modified_time\" content=\"2017-07-20T10:52:52+00:00\" \/>\n<meta name=\"twitter:card\" content=\"summary_large_image\" \/>\n<meta name=\"twitter:label1\" content=\"Tiempo de lectura\" \/>\n\t<meta name=\"twitter:data1\" content=\"1 minuto\" \/>\n<script type=\"application\/ld+json\" class=\"yoast-schema-graph\">{\"@context\":\"https:\/\/schema.org\",\"@graph\":[{\"@type\":\"WebPage\",\"@id\":\"https:\/\/cancargolbarcelona.com\/dev\/\",\"url\":\"https:\/\/cancargolbarcelona.com\/dev\/\",\"name\":\"Can Cargol - Barcelona\",\"isPartOf\":{\"@id\":\"https:\/\/cancargolbarcelona.com\/dev\/#website\"},\"datePublished\":\"2017-05-16T16:12:34+00:00\",\"dateModified\":\"2017-07-20T10:52:52+00:00\",\"description\":\"Restaurante de comida tradicional catalana y mediterr\u00e1nea en el centro de Barcelona. Especialidad en caracoles y carnes a la brasa.\",\"breadcrumb\":{\"@id\":\"https:\/\/cancargolbarcelona.com\/dev\/#breadcrumb\"},\"inLanguage\":\"es\",\"potentialAction\":[{\"@type\":\"ReadAction\",\"target\":[\"https:\/\/cancargolbarcelona.com\/dev\/\"]}]},{\"@type\":\"BreadcrumbList\",\"@id\":\"https:\/\/cancargolbarcelona.com\/dev\/#breadcrumb\",\"itemListElement\":[{\"@type\":\"ListItem\",\"position\":1,\"name\":\"Portada\",\"item\":\"https:\/\/cancargolbarcelona.com\/dev\/\"},{\"@type\":\"ListItem\",\"position\":2,\"name\":\"Inicio\"}]},{\"@type\":\"WebSite\",\"@id\":\"https:\/\/cancargolbarcelona.com\/dev\/#website\",\"url\":\"https:\/\/cancargolbarcelona.com\/dev\/\",\"name\":\"DEV - Can Cargol Barcelona\",\"description\":\"DEV - Can Cargol Barcelona\",\"potentialAction\":[{\"@type\":\"SearchAction\",\"target\":{\"@type\":\"EntryPoint\",\"urlTemplate\":\"https:\/\/cancargolbarcelona.com\/dev\/?s={search_term_string}\"},\"query-input\":\"required name=search_term_string\"}],\"inLanguage\":\"es\"}]}<\/script>\n<!-- \/ Yoast SEO plugin. -->","yoast_head_json":{"title":"Can Cargol - Barcelona","description":"Restaurante de comida tradicional catalana y mediterr\u00e1nea en el centro de Barcelona. Especialidad en caracoles y carnes a la brasa.","robots":{"index":"noindex","follow":"follow","max-snippet":"max-snippet:-1","max-image-preview":"max-image-preview:large","max-video-preview":"max-video-preview:-1"},"og_locale":"es_ES","og_type":"article","og_title":"Can Cargol - Barcelona","og_description":"Restaurante de comida tradicional catalana y mediterr\u00e1nea en el centro de Barcelona. Especialidad en caracoles y carnes a la brasa.","og_url":"https:\/\/cancargolbarcelona.com\/dev\/","og_site_name":"DEV - Can Cargol Barcelona","article_modified_time":"2017-07-20T10:52:52+00:00","twitter_card":"summary_large_image","twitter_misc":{"Tiempo de lectura":"1 minuto"},"schema":{"@context":"https:\/\/schema.org","@graph":[{"@type":"WebPage","@id":"https:\/\/cancargolbarcelona.com\/dev\/","url":"https:\/\/cancargolbarcelona.com\/dev\/","name":"Can Cargol - Barcelona","isPartOf":{"@id":"https:\/\/cancargolbarcelona.com\/dev\/#website"},"datePublished":"2017-05-16T16:12:34+00:00","dateModified":"2017-07-20T10:52:52+00:00","description":"Restaurante de comida tradicional catalana y mediterr\u00e1nea en el centro de Barcelona. Especialidad en caracoles y carnes a la brasa.","breadcrumb":{"@id":"https:\/\/cancargolbarcelona.com\/dev\/#breadcrumb"},"inLanguage":"es","potentialAction":[{"@type":"ReadAction","target":["https:\/\/cancargolbarcelona.com\/dev\/"]}]},{"@type":"BreadcrumbList","@id":"https:\/\/cancargolbarcelona.com\/dev\/#breadcrumb","itemListElement":[{"@type":"ListItem","position":1,"name":"Portada","item":"https:\/\/cancargolbarcelona.com\/dev\/"},{"@type":"ListItem","position":2,"name":"Inicio"}]},{"@type":"WebSite","@id":"https:\/\/cancargolbarcelona.com\/dev\/#website","url":"https:\/\/cancargolbarcelona.com\/dev\/","name":"DEV - Can Cargol Barcelona","description":"DEV - Can Cargol Barcelona","potentialAction":[{"@type":"SearchAction","target":{"@type":"EntryPoint","urlTemplate":"https:\/\/cancargolbarcelona.com\/dev\/?s={search_term_string}"},"query-input":"required name=search_term_string"}],"inLanguage":"es"}]}},"_links":{"self":[{"href":"https:\/\/cancargolbarcelona.com\/dev\/es\/wp-json\/wp\/v2\/pages\/10"}],"collection":[{"href":"https:\/\/cancargolbarcelona.com\/dev\/es\/wp-json\/wp\/v2\/pages"}],"about":[{"href":"https:\/\/cancargolbarcelona.com\/dev\/es\/wp-json\/wp\/v2\/types\/page"}],"author":[{"embeddable":true,"href":"https:\/\/cancargolbarcelona.com\/dev\/es\/wp-json\/wp\/v2\/users\/1"}],"replies":[{"embeddable":true,"href":"https:\/\/cancargolbarcelona.com\/dev\/es\/wp-json\/wp\/v2\/comments?post=10"}],"version-history":[{"count":139,"href":"https:\/\/cancargolbarcelona.com\/dev\/es\/wp-json\/wp\/v2\/pages\/10\/revisions"}],"predecessor-version":[{"id":753,"href":"https:\/\/cancargolbarcelona.com\/dev\/es\/wp-json\/wp\/v2\/pages\/10\/revisions\/753"}],"wp:attachment":[{"href":"https:\/\/cancargolbarcelona.com\/dev\/es\/wp-json\/wp\/v2\/media?parent=10"}],"curies":[{"name":"wp","href":"https:\/\/api.w.org\/{rel}","templated":true}]}}